{"id":466,"date":"2018-11-19T10:12:47","date_gmt":"2018-11-19T10:12:47","guid":{"rendered":"http:\/\/localhost\/industro\/?page_id=466"},"modified":"2022-08-04T13:08:44","modified_gmt":"2022-08-04T13:08:44","slug":"lact-units","status":"publish","type":"page","link":"https:\/\/controval.com\/es\/skids\/lact-units\/","title":{"rendered":"Unidades LACT"},"content":{"rendered":"<section class=\"wpb_row vc_row-fluid vc_custom_1542188489306\"><div class=\"container\"><div class=\"vc_row\"><div class=\"lg-right40 wpb_column vc_column_container vc_col-sm-12 vc_col-md-4\"><div class=\"vc_column-inner\"><div class=\"wpb_wrapper\"><div  class=\"vc_wp_custommenu wpb_content_element\"><div class=\"widget widget_nav_menu\"><div class=\"menu-skids-container\"><ul id=\"menu-skids\" class=\"menu\"><li id=\"menu-item-1296\" class=\"menu-item menu-item-type-post_type menu-item-object-page menu-item-1296\"><a href=\"https:\/\/controval.com\/es\/skids\/lact-units\/\">Unidades LACT<\/a><\/li>\n<li id=\"menu-item-1293\" class=\"menu-item menu-item-type-post_type menu-item-object-page menu-item-1293\"><a href=\"https:\/\/controval.com\/es\/skids\/chemical-injection-skid\/\">Skid de Inyecci\u00f3n de Qu\u00edmicos<\/a><\/li>\n<li id=\"menu-item-1294\" class=\"menu-item menu-item-type-post_type menu-item-object-page menu-item-1294\"><a href=\"https:\/\/controval.com\/es\/skids\/fuel-gas-conditioning-skid\/\">Paquetes de Acondicionamiento de Gas Combustible<\/a><\/li>\n<li id=\"menu-item-1298\" class=\"menu-item menu-item-type-post_type menu-item-object-page menu-item-1298\"><a href=\"https:\/\/controval.com\/es\/skids\/pig-traps-launcher-receiver\/\">Trampas de Env\u00edo y Recibo<\/a><\/li>\n<li id=\"menu-item-1300\" class=\"menu-item menu-item-type-post_type menu-item-object-page menu-item-1300\"><a href=\"https:\/\/controval.com\/es\/skids\/surge-relief-skid\/\">Skid de Golpe de Ariete<\/a><\/li>\n<li id=\"menu-item-1297\" class=\"menu-item menu-item-type-post_type menu-item-object-page menu-item-1297\"><a href=\"https:\/\/controval.com\/es\/skids\/lube-oil-skid\/\">Skid de aceite lubricante<\/a><\/li>\n<li id=\"menu-item-1301\" class=\"menu-item menu-item-type-post_type menu-item-object-page menu-item-1301\"><a href=\"https:\/\/controval.com\/es\/skids\/test-separators\/\">Separadores de Prueba<\/a><\/li>\n<li id=\"menu-item-1299\" class=\"menu-item menu-item-type-post_type menu-item-object-page menu-item-1299\"><a href=\"https:\/\/controval.com\/es\/skids\/sampling-skid\/\">Skid de Calidad<\/a><\/li>\n<li id=\"menu-item-1295\" class=\"menu-item menu-item-type-post_type menu-item-object-page menu-item-1295\"><a href=\"https:\/\/controval.com\/es\/skids\/hydraulic-power-units-hpu\/\">Unidades de potencia hidr\u00e1ulica (HPU)<\/a><\/li>\n<li id=\"menu-item-1292\" class=\"menu-item menu-item-type-post_type menu-item-object-page menu-item-1292\"><a href=\"https:\/\/controval.com\/es\/skids\/boiler-regulation-package\/\">Skid de Regulaci\u00f3n de Gas Combustible para Calderas<\/a><\/li>\n<li id=\"menu-item-1302\" class=\"menu-item menu-item-type-post_type menu-item-object-page menu-item-1302\"><a href=\"https:\/\/controval.com\/es\/skids\/water-treatment-skid\/\">Skid de tratamiento de agua<\/a><\/li>\n<\/ul><\/div><\/div><\/div><\/div><\/div><\/div><div class=\"wpb_column vc_column_container vc_col-sm-12 vc_col-md-8\"><div class=\"vc_column-inner\"><div class=\"wpb_wrapper\"><h2 style=\"text-align: left\" class=\"vc_custom_heading vc_custom_1655958457637\" >Unidades LACT<\/h2><p style=\"font-size: 20px;line-height: 30px;text-align: left\" class=\"vc_custom_heading vc_custom_1655958777952\" >Las unidades de transferencia y custodia conocidas tambi\u00e9n como unidades LACT por sus siglas en ingl\u00e9s \u201cLease Automatic Custody Transfer\u201d, consisten en un sistema paquetizado tipo skid o pat\u00edn de medici\u00f3n dise\u00f1ado para medir con precisi\u00f3n el volumen y la calidad de los productos derivados del petr\u00f3leo cuando se realiza su transferencia de un propietario a otro.<\/p>\n<p>El dise\u00f1o de las unidades LACT incluye un arreglo de instrumentos para cada aplicaci\u00f3n particular,  equipos y elementos mec\u00e1nicos\/el\u00e9ctricos interrelacionados, de manera que se integren en un pat\u00edn o skid permitir su eficiente transporte, instalaci\u00f3n y puesta en marcha en sitio.<\/p>\n<p>Las Unidades LACT CONTROVAL est\u00e1n completamente integradas para asegurar una excelente sinergia entre todas las entidades fiscales y usuarios involucrados, ya que son fabricadas con los m\u00e1s altos est\u00e1ndares de la industria, asegurando calidad, precisi\u00f3n y confiabilidad de acuerdo con los requerimientos del cliente y las normas legales particulares de cada pa\u00eds.<\/p><div class=\"wpb_images_carousel wpb_content_element vc_clearfix\"><div class=\"wpb_wrapper\"><div id=\"vc_images-carousel-1-1778676119\" data-ride=\"vc_carousel\" data-wrap=\"false\" style=\"width: 100%;\" data-interval=\"0\" data-auto-height=\"yes\" data-mode=\"horizontal\" data-partial=\"false\" data-per-view=\"2\" data-hide-on-end=\"true\" class=\"vc_slide vc_images_carousel\"><div class=\"vc_carousel-inner\"><div class=\"vc_carousel-slideline\"><div class=\"vc_carousel-slideline-inner\"><div class=\"vc_item\"><div class=\"vc_inner\"><img fetchpriority=\"high\" decoding=\"async\" width=\"400\" height=\"251\" src=\"https:\/\/controval.com\/wp-content\/uploads\/2022\/08\/LACT-UNIT.jpg\" class=\"attachment-full\" alt=\"LACT-UNIT\" title=\"\" srcset=\"https:\/\/controval.com\/wp-content\/uploads\/2022\/08\/LACT-UNIT.jpg 400w, https:\/\/controval.com\/wp-content\/uploads\/2022\/08\/LACT-UNIT-300x188.jpg 300w\" sizes=\"(max-width: 400px) 100vw, 400px\" \/><\/div><\/div><\/div><\/div><\/div><\/div><\/div><\/div><\/div><\/div><\/div><\/div><\/div><\/section><section class=\"wpb_row vc_row-fluid bg-primary call-to-action vc_custom_1542184444490\"><div class=\"container\"><div class=\"vc_row\"><div class=\"wpb_column vc_column_container vc_col-sm-12 vc_col-md-8\"><div class=\"vc_column-inner\"><div class=\"wpb_wrapper\"><h3 style=\"color: #ffffff;text-align: left\" class=\"vc_custom_heading vc_custom_1658774992399\" >PERMITANOS SER SU ALIADO EN SOLUCIONES PAQUETIZADAS TIPO SKID<\/h3><\/div><\/div><\/div><div class=\"wpb_column vc_column_container vc_col-sm-12 vc_col-md-4\"><div class=\"vc_column-inner\"><div class=\"wpb_wrapper\">\n    <div class=\"text-right\">\n        <a class=\"btn btn-medium btn-light\" href=\"https:\/\/controval.com\/es\/skids\/\" style=\"\">Saber m\u00e1s<\/a>\n    <\/div>\n\n    <\/div><\/div><\/div><\/div><\/div><\/section>","protected":false},"excerpt":{"rendered":"LACT Units Chemical Injection Skid Fuel Gas Conditioning Skid Pig Traps Launcher &#038; Receiver Surge Relief Skid Lube-Oil Skid Test Separators Sampling Skid Hydraulic Power Units (HPU) Boiler Regulation Package Water Treatment Skid LACT UnitsLease Automatic Custody Transfer Units (LACT) consist of a metering skid designed to accurately measure the volume and quality of petroleum [...]","protected":false},"author":1,"featured_media":0,"parent":343,"menu_order":0,"comment_status":"closed","ping_status":"closed","template":"","meta":{"footnotes":""},"class_list":["post-466","page","type-page","status-publish","hentry"],"_links":{"self":[{"href":"https:\/\/controval.com\/es\/wp-json\/wp\/v2\/pages\/466","targetHints":{"allow":["GET"]}}],"collection":[{"href":"https:\/\/controval.com\/es\/wp-json\/wp\/v2\/pages"}],"about":[{"href":"https:\/\/controval.com\/es\/wp-json\/wp\/v2\/types\/page"}],"author":[{"embeddable":true,"href":"https:\/\/controval.com\/es\/wp-json\/wp\/v2\/users\/1"}],"replies":[{"embeddable":true,"href":"https:\/\/controval.com\/es\/wp-json\/wp\/v2\/comments?post=466"}],"version-history":[{"count":9,"href":"https:\/\/controval.com\/es\/wp-json\/wp\/v2\/pages\/466\/revisions"}],"predecessor-version":[{"id":2078,"href":"https:\/\/controval.com\/es\/wp-json\/wp\/v2\/pages\/466\/revisions\/2078"}],"up":[{"embeddable":true,"href":"https:\/\/controval.com\/es\/wp-json\/wp\/v2\/pages\/343"}],"wp:attachment":[{"href":"https:\/\/controval.com\/es\/wp-json\/wp\/v2\/media?parent=466"}],"curies":[{"name":"wp","href":"https:\/\/api.w.org\/{rel}","templated":true}]}}