{"id":458,"date":"2018-11-19T10:10:34","date_gmt":"2018-11-19T10:10:34","guid":{"rendered":"http:\/\/localhost\/industro\/?page_id=458"},"modified":"2022-08-04T13:11:45","modified_gmt":"2022-08-04T13:11:45","slug":"pig-traps-launcher-receiver","status":"publish","type":"page","link":"https:\/\/controval.com\/es\/skids\/pig-traps-launcher-receiver\/","title":{"rendered":"Trampas de Env\u00edo y Recibo"},"content":{"rendered":"<section class=\"wpb_row vc_row-fluid vc_custom_1542188489306\"><div class=\"container\"><div class=\"vc_row\"><div class=\"lg-right40 wpb_column vc_column_container vc_col-sm-12 vc_col-md-4\"><div class=\"vc_column-inner\"><div class=\"wpb_wrapper\"><div  class=\"vc_wp_custommenu wpb_content_element\"><div class=\"widget widget_nav_menu\"><div class=\"menu-skids-container\"><ul id=\"menu-skids\" class=\"menu\"><li id=\"menu-item-1296\" class=\"menu-item menu-item-type-post_type menu-item-object-page menu-item-1296\"><a href=\"https:\/\/controval.com\/es\/skids\/lact-units\/\">Unidades LACT<\/a><\/li>\n<li id=\"menu-item-1293\" class=\"menu-item menu-item-type-post_type menu-item-object-page menu-item-1293\"><a href=\"https:\/\/controval.com\/es\/skids\/chemical-injection-skid\/\">Skid de Inyecci\u00f3n de Qu\u00edmicos<\/a><\/li>\n<li id=\"menu-item-1294\" class=\"menu-item menu-item-type-post_type menu-item-object-page menu-item-1294\"><a href=\"https:\/\/controval.com\/es\/skids\/fuel-gas-conditioning-skid\/\">Paquetes de Acondicionamiento de Gas Combustible<\/a><\/li>\n<li id=\"menu-item-1298\" class=\"menu-item menu-item-type-post_type menu-item-object-page menu-item-1298\"><a href=\"https:\/\/controval.com\/es\/skids\/pig-traps-launcher-receiver\/\">Trampas de Env\u00edo y Recibo<\/a><\/li>\n<li id=\"menu-item-1300\" class=\"menu-item menu-item-type-post_type menu-item-object-page menu-item-1300\"><a href=\"https:\/\/controval.com\/es\/skids\/surge-relief-skid\/\">Skid de Golpe de Ariete<\/a><\/li>\n<li id=\"menu-item-1297\" class=\"menu-item menu-item-type-post_type menu-item-object-page menu-item-1297\"><a href=\"https:\/\/controval.com\/es\/skids\/lube-oil-skid\/\">Skid de aceite lubricante<\/a><\/li>\n<li id=\"menu-item-1301\" class=\"menu-item menu-item-type-post_type menu-item-object-page menu-item-1301\"><a href=\"https:\/\/controval.com\/es\/skids\/test-separators\/\">Separadores de Prueba<\/a><\/li>\n<li id=\"menu-item-1299\" class=\"menu-item menu-item-type-post_type menu-item-object-page menu-item-1299\"><a href=\"https:\/\/controval.com\/es\/skids\/sampling-skid\/\">Skid de Calidad<\/a><\/li>\n<li id=\"menu-item-1295\" class=\"menu-item menu-item-type-post_type menu-item-object-page menu-item-1295\"><a href=\"https:\/\/controval.com\/es\/skids\/hydraulic-power-units-hpu\/\">Unidades de potencia hidr\u00e1ulica (HPU)<\/a><\/li>\n<li id=\"menu-item-1292\" class=\"menu-item menu-item-type-post_type menu-item-object-page menu-item-1292\"><a href=\"https:\/\/controval.com\/es\/skids\/boiler-regulation-package\/\">Skid de Regulaci\u00f3n de Gas Combustible para Calderas<\/a><\/li>\n<li id=\"menu-item-1302\" class=\"menu-item menu-item-type-post_type menu-item-object-page menu-item-1302\"><a href=\"https:\/\/controval.com\/es\/skids\/water-treatment-skid\/\">Skid de tratamiento de agua<\/a><\/li>\n<\/ul><\/div><\/div><\/div><\/div><\/div><\/div><div class=\"wpb_column vc_column_container vc_col-sm-12 vc_col-md-8\"><div class=\"vc_column-inner\"><div class=\"wpb_wrapper\"><h2 style=\"text-align: left\" class=\"vc_custom_heading vc_custom_1655959528489\" >Trampas de Env\u00edo y Recibo<\/h2>\n\t<div class=\"wpb_text_column wpb_content_element\" >\n\t\t<div class=\"wpb_wrapper\">\n\t\t\t<p><span style=\"font-weight: 400;\">CONTROVAL is a specialist in the manufacture of Launcher & Receiver pig traps, either as skid mounted package or just the Launcher & Receiver trap pressure vessels, whatever the customer\u2019s requirement.<\/span><\/p>\n<p><span style=\"font-weight: 400;\">Las trampas de \u201ccochino\u201d se utilizan en la operaci\u00f3n diaria de los ductos as\u00ed como en su construcci\u00f3n, para su limpieza aumentando as\u00ed la eficiencia del ducto, inspecci\u00f3n de fracturas, medici\u00f3n de di\u00e1metros internos, problemas de corrosi\u00f3n, separaci\u00f3n de productos en el ducto, remoci\u00f3n de agua en los conductos despu\u00e9s de la prueba hidrost\u00e1tica.<\/span><\/p>\n<p><span style=\"font-weight: 400;\">La soluci\u00f3n tipo skid CONTROVAL consta de cilindro mayor\/menor, reductor exc\u00e9ntrico, tapa de cierre y apertura r\u00e1pida, v\u00e1lvulas, man\u00f3metros, tees y tees barradas, base estructural, tuber\u00eda de drenaje y tuber\u00eda de interconexi\u00f3n. El sistema de gr\u00faa\/izamiento para el manejo de la herramienta de limpieza es opcional.<\/span><\/p>\n<p><span style=\"font-weight: 400;\">\u00a0<\/span><span style=\"font-weight: 400;\">C\u00f3digos de dise\u00f1o y software:<\/span><\/p>\n<ul>\n<li style=\"font-weight: 400;\" aria-level=\"1\"><span style=\"font-weight: 400;\">ASME B31.3, B31.4, B31.8<\/span><\/li>\n<li style=\"font-weight: 400;\" aria-level=\"1\"><span style=\"font-weight: 400;\">ASME Secci\u00f3n VIII Div. 1 UG 35<\/span><\/li>\n<li style=\"font-weight: 400;\" aria-level=\"1\"><span style=\"font-weight: 400;\">COMPRESS para recipientes a presi\u00f3n<\/span><\/li>\n<\/ul>\n\n\t\t<\/div>\n\t<\/div>\n<div class=\"vc_row wpb_row vc_inner vc_row-fluid vc_row-o-content-middle vc_row-flex\"><div class=\"wpb_column vc_column_container vc_col-sm-6\"><div class=\"vc_column-inner\"><div class=\"wpb_wrapper\">\n\t<div  class=\"wpb_single_image wpb_content_element vc_align_left  vc_custom_1656205572258\">\n\t\t\n\t\t<figure class=\"wpb_wrapper vc_figure\">\n\t\t\t<div class=\"vc_single_image-wrapper   vc_box_border_grey\"><img fetchpriority=\"high\" decoding=\"async\" width=\"2560\" height=\"1920\" src=\"https:\/\/controval.com\/wp-content\/uploads\/2022\/06\/PIG-TRAPS-scaled.jpg\" class=\"vc_single_image-img attachment-full\" alt=\"\" title=\"PIG TRAPS\" srcset=\"https:\/\/controval.com\/wp-content\/uploads\/2022\/06\/PIG-TRAPS-scaled.jpg 2560w, https:\/\/controval.com\/wp-content\/uploads\/2022\/06\/PIG-TRAPS-300x225.jpg 300w, https:\/\/controval.com\/wp-content\/uploads\/2022\/06\/PIG-TRAPS-1024x768.jpg 1024w, https:\/\/controval.com\/wp-content\/uploads\/2022\/06\/PIG-TRAPS-768x576.jpg 768w, https:\/\/controval.com\/wp-content\/uploads\/2022\/06\/PIG-TRAPS-1536x1152.jpg 1536w, https:\/\/controval.com\/wp-content\/uploads\/2022\/06\/PIG-TRAPS-2048x1536.jpg 2048w, https:\/\/controval.com\/wp-content\/uploads\/2022\/06\/PIG-TRAPS-750x563.jpg 750w\" sizes=\"(max-width: 2560px) 100vw, 2560px\" \/><\/div>\n\t\t<\/figure>\n\t<\/div>\n<\/div><\/div><\/div><div class=\"wpb_column vc_column_container vc_col-sm-6\"><div class=\"vc_column-inner\"><div class=\"wpb_wrapper\">\n\t<div class=\"wpb_text_column wpb_content_element  vc_custom_1655959639851 download-box\" >\n\t\t<div class=\"wpb_wrapper\">\n\t\t\t<h4>Cat\u00e1logo<\/h4>\n<p><a class=\"btn btn-download\"><i class=\"fas fa-download\"><\/i> Descargar PDF<\/a><\/p>\n\n\t\t<\/div>\n\t<\/div>\n<\/div><\/div><\/div><\/div><\/div><\/div><\/div><\/div><\/div><\/section><section class=\"wpb_row vc_row-fluid bg-primary call-to-action vc_custom_1542184444490\"><div class=\"container\"><div class=\"vc_row\"><div class=\"wpb_column vc_column_container vc_col-sm-12 vc_col-md-8\"><div class=\"vc_column-inner\"><div class=\"wpb_wrapper\"><h3 style=\"color: #ffffff;text-align: left\" class=\"vc_custom_heading vc_custom_1658775114723\" >PERMITANOS SER SU ALIADO EN SOLUCIONES PAQUETIZADAS TIPO SKID<\/h3><\/div><\/div><\/div><div class=\"wpb_column vc_column_container vc_col-sm-12 vc_col-md-4\"><div class=\"vc_column-inner\"><div class=\"wpb_wrapper\">\n    <div class=\"text-right\">\n        <a class=\"btn btn-medium btn-light\" href=\"https:\/\/controval.com\/es\/skids\/\" style=\"\">Saber m\u00e1s<\/a>\n    <\/div>\n\n    <\/div><\/div><\/div><\/div><\/div><\/section>","protected":false},"excerpt":{"rendered":"LACT Units Chemical Injection Skid Fuel Gas Conditioning Skid Pig Traps Launcher &#038; Receiver Surge Relief Skid Lube-Oil Skid Test Separators Sampling Skid Hydraulic Power Units (HPU) Boiler Regulation Package Water Treatment Skid Pig Traps Launcher &amp; Receiver CONTROVAL is a specialist in the manufacture of Launcher &amp; Receiver pig traps, either as skid mounted [...]","protected":false},"author":1,"featured_media":0,"parent":343,"menu_order":0,"comment_status":"closed","ping_status":"closed","template":"","meta":{"footnotes":""},"class_list":["post-458","page","type-page","status-publish","hentry"],"_links":{"self":[{"href":"https:\/\/controval.com\/es\/wp-json\/wp\/v2\/pages\/458","targetHints":{"allow":["GET"]}}],"collection":[{"href":"https:\/\/controval.com\/es\/wp-json\/wp\/v2\/pages"}],"about":[{"href":"https:\/\/controval.com\/es\/wp-json\/wp\/v2\/types\/page"}],"author":[{"embeddable":true,"href":"https:\/\/controval.com\/es\/wp-json\/wp\/v2\/users\/1"}],"replies":[{"embeddable":true,"href":"https:\/\/controval.com\/es\/wp-json\/wp\/v2\/comments?post=458"}],"version-history":[{"count":5,"href":"https:\/\/controval.com\/es\/wp-json\/wp\/v2\/pages\/458\/revisions"}],"predecessor-version":[{"id":2081,"href":"https:\/\/controval.com\/es\/wp-json\/wp\/v2\/pages\/458\/revisions\/2081"}],"up":[{"embeddable":true,"href":"https:\/\/controval.com\/es\/wp-json\/wp\/v2\/pages\/343"}],"wp:attachment":[{"href":"https:\/\/controval.com\/es\/wp-json\/wp\/v2\/media?parent=458"}],"curies":[{"name":"wp","href":"https:\/\/api.w.org\/{rel}","templated":true}]}}