{"id":343,"date":"2018-11-14T08:41:41","date_gmt":"2018-11-14T08:41:41","guid":{"rendered":"http:\/\/localhost\/industro\/?page_id=343"},"modified":"2022-08-04T13:04:20","modified_gmt":"2022-08-04T13:04:20","slug":"skids","status":"publish","type":"page","link":"https:\/\/controval.com\/es\/skids\/","title":{"rendered":"Skids"},"content":{"rendered":"<section class=\"wpb_row vc_row-fluid vc_custom_1655964379939\"><div class=\"container\"><div class=\"vc_row\"><div class=\"wpb_column vc_column_container vc_col-sm-12\"><div class=\"vc_column-inner\"><div class=\"wpb_wrapper\">\n\t<div class=\"wpb_text_column wpb_content_element  vc_custom_1655963713018\" >\n\t\t<div class=\"wpb_wrapper\">\n\t\t\t<h2>Skids<\/h2>\n<p>CONTROVAL cuenta con una s\u00f3lida experiencia y conocimientos en el dise\u00f1o, ingenier\u00eda y manufactura de soluciones paquetizadas tipo skid para la automatizaci\u00f3n de procesos en diferentes sectores de la industria. Con un Departamento de Ingenier\u00eda y Dise\u00f1o, conformado con el mejor recurso humano, herramientas y equipos necesarios para el desarrollo de proyectos de manera eficiente, eficaz y tecnol\u00f3gicamente actualizada, a la medida de las necesidades del cliente, cumpliendo con est\u00e1ndares internacionales como ASTM, ASME, ISO, API, etc. Controval es el socio adecuado para las necesidades de automatizaci\u00f3n ofreciendo capacitaci\u00f3n adicional y servicio postventa al usuario final.<\/p>\n<p>Las unidades paquetizadas dise\u00f1adas y fabricadas por CONTROVAL se entregan completamente integradas  y automatizadas, se incluyen pero no se limitan a las siguientes soluciones:<\/p>\n\n\t\t<\/div>\n\t<\/div>\n<\/div><\/div><\/div><div class=\"wpb_column vc_column_container vc_col-sm-6 vc_col-md-3\"><div class=\"vc_column-inner\"><div class=\"wpb_wrapper\">\n    <div class=\"service-box\">\n        <img decoding=\"async\" src=\"https:\/\/controval.com\/wp-content\/uploads\/2022\/06\/skid-de-medicion-iscal2006.jpg\" alt=\"service\">        <div class=\"content-box\">\n            <h5>Unidades LACT<\/h5>\n            <p><\/p>\n            <a class=\"link-box\" href=\"https:\/\/controval.com\/es\/skids\/lact-units\/\" target=\"_self\">M\u00e1s informaci\u00f3n<\/a>        <\/div>\n    <\/div>\n\n    <div class=\"vc_empty_space  lg-hidden\"   style=\"height: 40px\"><span class=\"vc_empty_space_inner\"><\/span><\/div><\/div><\/div><\/div><div class=\"wpb_column vc_column_container vc_col-sm-6 vc_col-md-3\"><div class=\"vc_column-inner\"><div class=\"wpb_wrapper\">\n    <div class=\"service-box\">\n        <img decoding=\"async\" src=\"https:\/\/controval.com\/wp-content\/uploads\/2022\/06\/Chemical-Injection-Package-2-e1656352540357.jpg\" alt=\"service\">        <div class=\"content-box\">\n            <h5>Skid de Inyecci\u00f3n de Qu\u00edmicos<\/h5>\n            <p><\/p>\n            <a class=\"link-box\" href=\"https:\/\/controval.com\/es\/skids\/chemical-injection-skid\/\" target=\"_self\">M\u00e1s informaci\u00f3n<\/a>        <\/div>\n    <\/div>\n\n    <div class=\"vc_empty_space  lg-hidden\"   style=\"height: 40px\"><span class=\"vc_empty_space_inner\"><\/span><\/div><\/div><\/div><\/div><div class=\"wpb_column vc_column_container vc_col-sm-6 vc_col-md-3\"><div class=\"vc_column-inner\"><div class=\"wpb_wrapper\">\n    <div class=\"service-box\">\n        <img decoding=\"async\" src=\"https:\/\/controval.com\/wp-content\/uploads\/2022\/06\/skids-fuel.jpg\" alt=\"service\">        <div class=\"content-box\">\n            <h5>Paquetes de Acondicionamiento de Gas Combustible<\/h5>\n            <p><\/p>\n            <a class=\"link-box\" href=\"https:\/\/controval.com\/es\/skids\/fuel-gas-conditioning-skid\/\" target=\"_self\">M\u00e1s informaci\u00f3n<\/a>        <\/div>\n    <\/div>\n\n    <div class=\"vc_empty_space  lg-hidden md-hidden\"   style=\"height: 40px\"><span class=\"vc_empty_space_inner\"><\/span><\/div><\/div><\/div><\/div><div class=\"wpb_column vc_column_container vc_col-sm-6 vc_col-md-3\"><div class=\"vc_column-inner\"><div class=\"wpb_wrapper\">\n    <div class=\"service-box\">\n        <img decoding=\"async\" src=\"https:\/\/controval.com\/wp-content\/uploads\/2022\/06\/PIG-TRAPS-2-scaled-e1656352969312.jpg\" alt=\"service\">        <div class=\"content-box\">\n            <h5>Trampas de Env\u00edo y Recibo<\/h5>\n            <p><\/p>\n            <a class=\"link-box\" href=\"https:\/\/controval.com\/es\/skids\/pig-traps-launcher-receiver\/\" target=\"_self\">M\u00e1s informaci\u00f3n<\/a>        <\/div>\n    <\/div>\n\n    <div class=\"vc_empty_space  lg-hidden md-hidden\"   style=\"height: 40px\"><span class=\"vc_empty_space_inner\"><\/span><\/div><\/div><\/div><\/div><\/div><\/div><\/section><section class=\"wpb_row vc_row-fluid vc_custom_1656353663938\"><div class=\"container\"><div class=\"vc_row\"><div class=\"wpb_column vc_column_container vc_col-sm-6 vc_col-md-3\"><div class=\"vc_column-inner\"><div class=\"wpb_wrapper\">\n    <div class=\"service-box\">\n        <img decoding=\"async\" src=\"https:\/\/controval.com\/wp-content\/uploads\/2022\/06\/skids-surge.jpg\" alt=\"service\">        <div class=\"content-box\">\n            <h5>Skid de Golpe de Ariete<\/h5>\n            <p><\/p>\n            <a class=\"link-box\" href=\"https:\/\/controval.com\/es\/skids\/surge-relief-skid\/\" target=\"_self\">M\u00e1s informaci\u00f3n<\/a>        <\/div>\n    <\/div>\n\n    <div class=\"vc_empty_space  lg-hidden\"   style=\"height: 40px\"><span class=\"vc_empty_space_inner\"><\/span><\/div><\/div><\/div><\/div><div class=\"wpb_column vc_column_container vc_col-sm-6 vc_col-md-3\"><div class=\"vc_column-inner\"><div class=\"wpb_wrapper\">\n    <div class=\"service-box\">\n        <img decoding=\"async\" src=\"https:\/\/controval.com\/wp-content\/uploads\/2022\/06\/lubeoil-skid-20151027-2.jpg\" alt=\"service\">        <div class=\"content-box\">\n            <h5>Skid de aceite lubricante<\/h5>\n            <p><\/p>\n            <a class=\"link-box\" href=\"https:\/\/controval.com\/es\/skids\/lube-oil-skid\/\" target=\"_self\">M\u00e1s informaci\u00f3n<\/a>        <\/div>\n    <\/div>\n\n    <div class=\"vc_empty_space  lg-hidden\"   style=\"height: 40px\"><span class=\"vc_empty_space_inner\"><\/span><\/div><\/div><\/div><\/div><div class=\"wpb_column vc_column_container vc_col-sm-6 vc_col-md-3\"><div class=\"vc_column-inner\"><div class=\"wpb_wrapper\">\n    <div class=\"service-box\">\n        <img decoding=\"async\" src=\"https:\/\/controval.com\/wp-content\/uploads\/2022\/06\/Test-Separator-scaled.jpg\" alt=\"service\">        <div class=\"content-box\">\n            <h5>Separadores de Prueba<\/h5>\n            <p><\/p>\n            <a class=\"link-box\" href=\"https:\/\/controval.com\/es\/skids\/test-separators\/\" target=\"_self\">M\u00e1s informaci\u00f3n<\/a>        <\/div>\n    <\/div>\n\n    <div class=\"vc_empty_space  lg-hidden md-hidden\"   style=\"height: 40px\"><span class=\"vc_empty_space_inner\"><\/span><\/div><\/div><\/div><\/div><div class=\"wpb_column vc_column_container vc_col-sm-6 vc_col-md-3\"><div class=\"vc_column-inner\"><div class=\"wpb_wrapper\">\n    <div class=\"service-box\">\n        <img decoding=\"async\" src=\"https:\/\/controval.com\/wp-content\/uploads\/2022\/06\/skids-lact-1.jpg\" alt=\"service\">        <div class=\"content-box\">\n            <h5>Skid de Calidad<\/h5>\n            <p><\/p>\n            <a class=\"link-box\" href=\"https:\/\/controval.com\/es\/skids\/sampling-skid\/\" target=\"_self\">M\u00e1s informaci\u00f3n<\/a>        <\/div>\n    <\/div>\n\n    <div class=\"vc_empty_space  lg-hidden md-hidden\"   style=\"height: 40px\"><span class=\"vc_empty_space_inner\"><\/span><\/div><\/div><\/div><\/div><\/div><\/div><\/section><section class=\"wpb_row vc_row-fluid vc_custom_1656353589451\"><div class=\"container\"><div class=\"vc_row\"><div class=\"wpb_column vc_column_container vc_col-sm-6 vc_col-md-3\"><div class=\"vc_column-inner\"><div class=\"wpb_wrapper\">\n    <div class=\"service-box\">\n        <img decoding=\"async\" src=\"https:\/\/controval.com\/wp-content\/uploads\/2022\/06\/skids-hydraulic.jpg\" alt=\"service\">        <div class=\"content-box\">\n            <h5>Unidades de potencia hidr\u00e1ulica (HPU)<\/h5>\n            <p><\/p>\n            <a class=\"link-box\" href=\"https:\/\/controval.com\/es\/skids\/hydraulic-power-units-hpu\/\" target=\"_self\">M\u00e1s informaci\u00f3n<\/a>        <\/div>\n    <\/div>\n\n    <div class=\"vc_empty_space  lg-hidden\"   style=\"height: 40px\"><span class=\"vc_empty_space_inner\"><\/span><\/div><\/div><\/div><\/div><div class=\"wpb_column vc_column_container vc_col-sm-6 vc_col-md-3\"><div class=\"vc_column-inner\"><div class=\"wpb_wrapper\">\n    <div class=\"service-box\">\n        <img decoding=\"async\" src=\"https:\/\/controval.com\/wp-content\/uploads\/2022\/06\/skids-boilerregulationpackage.jpg\" alt=\"service\">        <div class=\"content-box\">\n            <h5>Skid de Regulaci\u00f3n de Gas Combustible para Calderas<\/h5>\n            <p><\/p>\n            <a class=\"link-box\" href=\"https:\/\/controval.com\/es\/skids\/boiler-regulation-package\/\" target=\"_self\">M\u00e1s informaci\u00f3n<\/a>        <\/div>\n    <\/div>\n\n    <div class=\"vc_empty_space  lg-hidden\"   style=\"height: 40px\"><span class=\"vc_empty_space_inner\"><\/span><\/div><\/div><\/div><\/div><div class=\"wpb_column vc_column_container vc_col-sm-6 vc_col-md-3\"><div class=\"vc_column-inner\"><div class=\"wpb_wrapper\">\n    <div class=\"service-box\">\n        <img decoding=\"async\" src=\"https:\/\/controval.com\/wp-content\/uploads\/2022\/07\/water-treatment-skid.jpg\" alt=\"service\">        <div class=\"content-box\">\n            <h5>Skid de tratamiento de agua<\/h5>\n            <p><\/p>\n            <a class=\"link-box\" href=\"https:\/\/controval.com\/es\/skids\/water-treatment-skid\/\" target=\"_self\">M\u00e1s informaci\u00f3n<\/a>        <\/div>\n    <\/div>\n\n    <div class=\"vc_empty_space  lg-hidden md-hidden\"   style=\"height: 40px\"><span class=\"vc_empty_space_inner\"><\/span><\/div><\/div><\/div><\/div><\/div><\/div><\/section><section class=\"wpb_row vc_row-fluid bg-primary call-to-action vc_custom_1656353602187\"><div class=\"container\"><div class=\"vc_row\"><div class=\"wpb_column vc_column_container vc_col-sm-12 vc_col-md-8\"><div class=\"vc_column-inner\"><div class=\"wpb_wrapper\"><h3 style=\"color: #ffffff;text-align: left\" class=\"vc_custom_heading vc_custom_1659618258249\" >PERMITANOS SER SU ALIADO EN SOLUCIONES PAQUETIZADAS TIPO SKID<\/h3><\/div><\/div><\/div><div class=\"wpb_column vc_column_container vc_col-sm-12 vc_col-md-4\"><div class=\"vc_column-inner\"><div class=\"wpb_wrapper\">\n    <div class=\"text-right\">\n        <a class=\"btn btn-medium btn-light\" href=\"#\" style=\"\">Saber m\u00e1s<\/a>\n    <\/div>\n\n    <\/div><\/div><\/div><\/div><\/div><\/section>","protected":false},"excerpt":{"rendered":"Skids CONTROVAL has a solid experience and knowledge in the design and engineering for the automation of processes in different industrial sectors. With an Engineering and Design Department, which has the human resources, tools and required equipment for the development of projects in an efficient, effective and technologically updated ways, to suit the needs of [...]","protected":false},"author":1,"featured_media":0,"parent":0,"menu_order":0,"comment_status":"closed","ping_status":"closed","template":"","meta":{"footnotes":""},"class_list":["post-343","page","type-page","status-publish","hentry"],"_links":{"self":[{"href":"https:\/\/controval.com\/es\/wp-json\/wp\/v2\/pages\/343","targetHints":{"allow":["GET"]}}],"collection":[{"href":"https:\/\/controval.com\/es\/wp-json\/wp\/v2\/pages"}],"about":[{"href":"https:\/\/controval.com\/es\/wp-json\/wp\/v2\/types\/page"}],"author":[{"embeddable":true,"href":"https:\/\/controval.com\/es\/wp-json\/wp\/v2\/users\/1"}],"replies":[{"embeddable":true,"href":"https:\/\/controval.com\/es\/wp-json\/wp\/v2\/comments?post=343"}],"version-history":[{"count":17,"href":"https:\/\/controval.com\/es\/wp-json\/wp\/v2\/pages\/343\/revisions"}],"predecessor-version":[{"id":2074,"href":"https:\/\/controval.com\/es\/wp-json\/wp\/v2\/pages\/343\/revisions\/2074"}],"wp:attachment":[{"href":"https:\/\/controval.com\/es\/wp-json\/wp\/v2\/media?parent=343"}],"curies":[{"name":"wp","href":"https:\/\/api.w.org\/{rel}","templated":true}]}}