{"id":1778,"date":"2022-07-02T01:57:50","date_gmt":"2022-07-02T01:57:50","guid":{"rendered":"https:\/\/controval.solucionespm.net\/?page_id=1778"},"modified":"2022-07-25T19:27:39","modified_gmt":"2022-07-25T19:27:39","slug":"markets","status":"publish","type":"page","link":"https:\/\/controval.com\/es\/markets\/","title":{"rendered":"INDUSTRIAS"},"content":{"rendered":"<section class=\"wpb_row vc_row-fluid\"><div class=\"container\"><div class=\"vc_row\"><div class=\"wpb_column vc_column_container vc_col-sm-12\"><div class=\"vc_column-inner\"><div class=\"wpb_wrapper\"><div class=\"vc_empty_space\"   style=\"height: 2em\"><span class=\"vc_empty_space_inner\"><\/span><\/div>\n\t<div class=\"wpb_text_column wpb_content_element\" >\n\t\t<div class=\"wpb_wrapper\">\n\t\t\t<p>Con 30 a\u00f1os de trayectoria ofreciendo soluciones en automatizaci\u00f3n industrial y manejo de fluidos nos ha permitido solidificar nuestras relaciones con marcas internacionales reconocidas para ofrecer  soporte y soluciones en los diferentes sectores de la industria.<br \/>\nControval cuenta con un equipo multidisciplinario especializado en soluciones particulares seg\u00fan el producto y su aplicaci\u00f3n en la industria.<\/p>\n\n\t\t<\/div>\n\t<\/div>\n<\/div><\/div><\/div><\/div><\/div><\/section><section class=\"wpb_row vc_row-fluid vc_custom_1656728704099 vc_row-has-fill vc_row-o-content-middle vc_row-flex\"><div class=\"container\"><div class=\"vc_row\"><div class=\"wpb_column vc_column_container vc_col-sm-6 vc_col-lg-6 vc_col-md-6\"><div class=\"vc_column-inner\"><div class=\"wpb_wrapper\">\n\t<div  class=\"wpb_single_image wpb_content_element vc_align_center\">\n\t\t\n\t\t<figure class=\"wpb_wrapper vc_figure\">\n\t\t\t<div class=\"vc_single_image-wrapper   vc_box_border_grey\"><img fetchpriority=\"high\" decoding=\"async\" width=\"400\" height=\"270\" src=\"https:\/\/controval.com\/wp-content\/uploads\/2022\/07\/Cement-Market.jpg\" class=\"vc_single_image-img attachment-full\" alt=\"\" title=\"Industria del Cemento\" srcset=\"https:\/\/controval.com\/wp-content\/uploads\/2022\/07\/Cement-Market.jpg 400w, https:\/\/controval.com\/wp-content\/uploads\/2022\/07\/Cement-Market-300x203.jpg 300w\" sizes=\"(max-width: 400px) 100vw, 400px\" \/><\/div>\n\t\t<\/figure>\n\t<\/div>\n<\/div><\/div><\/div><div class=\"wpb_column vc_column_container vc_col-sm-6 vc_col-lg-6 vc_col-md-6\"><div class=\"vc_column-inner\"><div class=\"wpb_wrapper\"><h2 style=\"text-align: left\" class=\"vc_custom_heading lg-right70 vc_custom_1656729212897\" >Industria del Cemento<\/h2>\n\t<div class=\"wpb_text_column wpb_content_element\" >\n\t\t<div class=\"wpb_wrapper\">\n\t\t\t<ul>\n<li>Sistemas de control<\/li>\n<li>Medici\u00f3n y transmisores de caudal, nivel, presi\u00f3n y temperatura<\/li>\n<li>V\u00e1lvulas de tipo cuchilla<\/li>\n<li>Medici\u00f3n de gas tipo skid<\/li>\n<li>Paquetes de inyecci\u00f3n de qu\u00edmicos<\/li>\n<li>Soluciones paquetizadas tipo skid<\/li>\n<\/ul>\n\n\t\t<\/div>\n\t<\/div>\n<\/div><\/div><\/div><\/div><\/div><\/section><section class=\"wpb_row vc_row-fluid vc_custom_1656728794985 vc_row-o-content-middle vc_row-flex\"><div class=\"container\"><div class=\"vc_row\"><div class=\"wpb_column vc_column_container vc_col-sm-6 vc_col-lg-6 vc_col-md-6\"><div class=\"vc_column-inner\"><div class=\"wpb_wrapper\"><h2 style=\"text-align: left\" class=\"vc_custom_heading lg-right70 vc_custom_1656729220136\" >Foods & Beverages Market<\/h2>\n\t<div class=\"wpb_text_column wpb_content_element\" >\n\t\t<div class=\"wpb_wrapper\">\n\t\t\t<ul>\n<li>Sistemas de control<\/li>\n<li>Medici\u00f3n y control de temperatura, presi\u00f3n, nivel, Ph, conductividad, H2S, s\u00edlice, ox\u00edgeno y humedad<\/li>\n<li>Medici\u00f3n de caudal: Coriolis, magn\u00e9tica, turbina, ultras\u00f3nica, medidores de pd y ultras\u00f3nica no intrusiva<\/li>\n<li>Paquetes de inyecci\u00f3n y dosificaci\u00f3n de productos qu\u00edmicos<\/li>\n<li>Sistemas de filtrado<\/li>\n<li>Soluciones deslizantes paquetizada<\/li>\n<li>V\u00e1lvulas de alivio de seguridad y alivio, presi\u00f3n y vac\u00edo<\/li>\n<\/ul>\n\n\t\t<\/div>\n\t<\/div>\n<\/div><\/div><\/div><div class=\"wpb_column vc_column_container vc_col-sm-6 vc_col-lg-6 vc_col-md-6\"><div class=\"vc_column-inner\"><div class=\"wpb_wrapper\">\n\t<div  class=\"wpb_single_image wpb_content_element vc_align_center\">\n\t\t\n\t\t<figure class=\"wpb_wrapper vc_figure\">\n\t\t\t<div class=\"vc_single_image-wrapper   vc_box_border_grey\"><img decoding=\"async\" width=\"400\" height=\"270\" src=\"https:\/\/controval.com\/wp-content\/uploads\/2022\/07\/Foods-Beverages-Market.jpg\" class=\"vc_single_image-img attachment-full\" alt=\"\" title=\"Foods & Beverages Market\" srcset=\"https:\/\/controval.com\/wp-content\/uploads\/2022\/07\/Foods-Beverages-Market.jpg 400w, https:\/\/controval.com\/wp-content\/uploads\/2022\/07\/Foods-Beverages-Market-300x203.jpg 300w\" sizes=\"(max-width: 400px) 100vw, 400px\" \/><\/div>\n\t\t<\/figure>\n\t<\/div>\n<\/div><\/div><\/div><\/div><\/div><\/section><section class=\"wpb_row vc_row-fluid vc_custom_1656728837015 vc_row-has-fill vc_row-o-content-middle vc_row-flex\"><div class=\"container\"><div class=\"vc_row\"><div class=\"wpb_column vc_column_container vc_col-sm-6 vc_col-lg-6 vc_col-md-6\"><div class=\"vc_column-inner\"><div class=\"wpb_wrapper\">\n\t<div  class=\"wpb_single_image wpb_content_element vc_align_center\">\n\t\t\n\t\t<figure class=\"wpb_wrapper vc_figure\">\n\t\t\t<div class=\"vc_single_image-wrapper   vc_box_border_grey\"><img decoding=\"async\" width=\"400\" height=\"270\" src=\"https:\/\/controval.com\/wp-content\/uploads\/2022\/07\/Mining-and-Iron.jpg\" class=\"vc_single_image-img attachment-full\" alt=\"\" title=\"Mining and Iron\" srcset=\"https:\/\/controval.com\/wp-content\/uploads\/2022\/07\/Mining-and-Iron.jpg 400w, https:\/\/controval.com\/wp-content\/uploads\/2022\/07\/Mining-and-Iron-300x203.jpg 300w\" sizes=\"(max-width: 400px) 100vw, 400px\" \/><\/div>\n\t\t<\/figure>\n\t<\/div>\n<\/div><\/div><\/div><div class=\"wpb_column vc_column_container vc_col-sm-6 vc_col-lg-6 vc_col-md-6\"><div class=\"vc_column-inner\"><div class=\"wpb_wrapper\"><h2 style=\"text-align: left\" class=\"vc_custom_heading lg-right70 vc_custom_1656729227676\" >Industria Minera y Sider\u00fargica<\/h2>\n\t<div class=\"wpb_text_column wpb_content_element\" >\n\t\t<div class=\"wpb_wrapper\">\n\t\t\t<ul>\n<li>Sistemas de control<\/li>\n<li>Identificaci\u00f3n de material positivo de PMI<\/li>\n<li>An\u00e1lisis de H2S<\/li>\n<li>V\u00e1lvulas especiales de cuchilla, compuerta, bola y globo<\/li>\n<li>V\u00e1lvulas de control y actuadores<\/li>\n<\/ul>\n\n\t\t<\/div>\n\t<\/div>\n<\/div><\/div><\/div><\/div><\/div><\/section><section class=\"wpb_row vc_row-fluid vc_custom_1656727381648 vc_row-o-content-middle vc_row-flex\"><div class=\"container\"><div class=\"vc_row\"><div class=\"wpb_column vc_column_container vc_col-sm-6 vc_col-lg-6 vc_col-md-6\"><div class=\"vc_column-inner\"><div class=\"wpb_wrapper\"><h2 style=\"text-align: left\" class=\"vc_custom_heading lg-right70 vc_custom_1656729234167\" >Oil & Gas Industry<\/h2>\n\t<div class=\"wpb_text_column wpb_content_element\" >\n\t\t<div class=\"wpb_wrapper\">\n\t\t\t<ul>\n<li>Sistemas de control<\/li>\n<li>Unidades LACT<\/li>\n<li>Paquetes de inyecci\u00f3n de qu\u00edmicos<\/li>\n<li>Trampas de envi\u00f3 y recibo<\/li>\n<li>Skids de protecci\u00f3n de golpe de ariete<\/li>\n<li>Separador de lodos y separador de prueba<\/li>\n<li>Paquetes deslizantes de acondicionamiento y aceite lubricante\/gas<\/li>\n<li>V\u00e1lvulas de control y actuadores<\/li>\n<li>Medici\u00f3n de caudal, nivel, presi\u00f3n y temperatura<\/li>\n<li>Caudal\u00edmetros Medici\u00f3n de caudal intrusivo y no intrusivo<\/li>\n<li>Cromatograf\u00eda y espectrometr\u00eda<\/li>\n<\/ul>\n\n\t\t<\/div>\n\t<\/div>\n<\/div><\/div><\/div><div class=\"wpb_column vc_column_container vc_col-sm-6 vc_col-lg-6 vc_col-md-6\"><div class=\"vc_column-inner\"><div class=\"wpb_wrapper\">\n\t<div  class=\"wpb_single_image wpb_content_element vc_align_center\">\n\t\t\n\t\t<figure class=\"wpb_wrapper vc_figure\">\n\t\t\t<div class=\"vc_single_image-wrapper   vc_box_border_grey\"><img loading=\"lazy\" decoding=\"async\" width=\"400\" height=\"270\" src=\"https:\/\/controval.com\/wp-content\/uploads\/2022\/07\/Oil-Gas-Industry.jpg\" class=\"vc_single_image-img attachment-full\" alt=\"\" title=\"Oil & Gas Industry\" srcset=\"https:\/\/controval.com\/wp-content\/uploads\/2022\/07\/Oil-Gas-Industry.jpg 400w, https:\/\/controval.com\/wp-content\/uploads\/2022\/07\/Oil-Gas-Industry-300x203.jpg 300w\" sizes=\"(max-width: 400px) 100vw, 400px\" \/><\/div>\n\t\t<\/figure>\n\t<\/div>\n<\/div><\/div><\/div><\/div><\/div><\/section><section class=\"wpb_row vc_row-fluid vc_custom_1656728965487 vc_row-has-fill vc_row-o-content-middle vc_row-flex\"><div class=\"container\"><div class=\"vc_row\"><div class=\"wpb_column vc_column_container vc_col-sm-6 vc_col-lg-6 vc_col-md-6\"><div class=\"vc_column-inner\"><div class=\"wpb_wrapper\">\n\t<div  class=\"wpb_single_image wpb_content_element vc_align_center\">\n\t\t\n\t\t<figure class=\"wpb_wrapper vc_figure\">\n\t\t\t<div class=\"vc_single_image-wrapper   vc_box_border_grey\"><img loading=\"lazy\" decoding=\"async\" width=\"400\" height=\"270\" src=\"https:\/\/controval.com\/wp-content\/uploads\/2022\/07\/Petrochemical-Industry.jpg\" class=\"vc_single_image-img attachment-full\" alt=\"\" title=\"Industria petroqu\u00edmica\" srcset=\"https:\/\/controval.com\/wp-content\/uploads\/2022\/07\/Petrochemical-Industry.jpg 400w, https:\/\/controval.com\/wp-content\/uploads\/2022\/07\/Petrochemical-Industry-300x203.jpg 300w\" sizes=\"(max-width: 400px) 100vw, 400px\" \/><\/div>\n\t\t<\/figure>\n\t<\/div>\n<\/div><\/div><\/div><div class=\"wpb_column vc_column_container vc_col-sm-6 vc_col-lg-6 vc_col-md-6\"><div class=\"vc_column-inner\"><div class=\"wpb_wrapper\"><h2 style=\"text-align: left\" class=\"vc_custom_heading lg-right70 vc_custom_1656727987569\" >Industria petroqu\u00edmica<\/h2>\n\t<div class=\"wpb_text_column wpb_content_element\" >\n\t\t<div class=\"wpb_wrapper\">\n\t\t\t<ul>\n<li>Sistemas de control<\/li>\n<li>Paquetes de inyecci\u00f3n de qu\u00edmicos<\/li>\n<li>Skids de protecci\u00f3n de golpe de ariete<\/li>\n<li>Paquetes deslizantes de acondicionamiento y aceite lubricante\/gas<\/li>\n<li>V\u00e1lvulas de control y actuadores<\/li>\n<li>Medici\u00f3n de caudal, nivel, presi\u00f3n y temperatura<\/li>\n<li>Caudal\u00edmetros, medici\u00f3n de caudal intrusivo y no intrusivo<\/li>\n<li>Cromatograf\u00eda y espectrometr\u00eda<\/li>\n<li>Identificaci\u00f3n de material positivo de PMI<\/li>\n<li>V\u00e1lvulas manuales y automatizadas<\/li>\n<\/ul>\n\n\t\t<\/div>\n\t<\/div>\n<\/div><\/div><\/div><\/div><\/div><\/section><section class=\"wpb_row vc_row-fluid vc_custom_1656727381648 vc_row-o-content-middle vc_row-flex\"><div class=\"container\"><div class=\"vc_row\"><div class=\"wpb_column vc_column_container vc_col-sm-6 vc_col-lg-6 vc_col-md-6\"><div class=\"vc_column-inner\"><div class=\"wpb_wrapper\"><h2 style=\"text-align: left\" class=\"vc_custom_heading lg-right70 vc_custom_1656728044551\" >Industria farmac\u00e9utica<\/h2>\n\t<div class=\"wpb_text_column wpb_content_element\" >\n\t\t<div class=\"wpb_wrapper\">\n\t\t\t<ul>\n<li>Sistemas de control<\/li>\n<li>Medici\u00f3n y control de temperatura, presi\u00f3n, nivel, Ph, conductividad, H2S, s\u00edlice, ox\u00edgeno y humedad<\/li>\n<li>Medici\u00f3n de caudal: Coriolis, magn\u00e9tica, turbina, ultras\u00f3nica, medidores de pd y ultras\u00f3nica no intrusiva<\/li>\n<li>Paquetes de inyecci\u00f3n y dosificaci\u00f3n de productos qu\u00edmicos<\/li>\n<li>Sistemas de filtrado<\/li>\n<li>Soluciones deslizantes paquetizada<\/li>\n<li>V\u00e1lvulas de alivio de seguridad y alivio, presi\u00f3n y vac\u00edo<\/li>\n<\/ul>\n\n\t\t<\/div>\n\t<\/div>\n<\/div><\/div><\/div><div class=\"wpb_column vc_column_container vc_col-sm-6 vc_col-lg-6 vc_col-md-6\"><div class=\"vc_column-inner\"><div class=\"wpb_wrapper\">\n\t<div  class=\"wpb_single_image wpb_content_element vc_align_center\">\n\t\t\n\t\t<figure class=\"wpb_wrapper vc_figure\">\n\t\t\t<div class=\"vc_single_image-wrapper   vc_box_border_grey\"><img loading=\"lazy\" decoding=\"async\" width=\"400\" height=\"270\" src=\"https:\/\/controval.com\/wp-content\/uploads\/2022\/07\/Pharmaceutical-Industry.jpg\" class=\"vc_single_image-img attachment-full\" alt=\"\" title=\"Industria farmac\u00e9utica\" srcset=\"https:\/\/controval.com\/wp-content\/uploads\/2022\/07\/Pharmaceutical-Industry.jpg 400w, https:\/\/controval.com\/wp-content\/uploads\/2022\/07\/Pharmaceutical-Industry-300x203.jpg 300w\" sizes=\"(max-width: 400px) 100vw, 400px\" \/><\/div>\n\t\t<\/figure>\n\t<\/div>\n<\/div><\/div><\/div><\/div><\/div><\/section><section class=\"wpb_row vc_row-fluid vc_custom_1656729032566 vc_row-has-fill vc_row-o-content-middle vc_row-flex\"><div class=\"container\"><div class=\"vc_row\"><div class=\"wpb_column vc_column_container vc_col-sm-6 vc_col-lg-6 vc_col-md-6\"><div class=\"vc_column-inner\"><div class=\"wpb_wrapper\">\n\t<div  class=\"wpb_single_image wpb_content_element vc_align_center\">\n\t\t\n\t\t<figure class=\"wpb_wrapper vc_figure\">\n\t\t\t<div class=\"vc_single_image-wrapper   vc_box_border_grey\"><img loading=\"lazy\" decoding=\"async\" width=\"400\" height=\"270\" src=\"https:\/\/controval.com\/wp-content\/uploads\/2022\/07\/Power-Industry.jpg\" class=\"vc_single_image-img attachment-full\" alt=\"\" title=\"Industria de la energ\u00eda\" srcset=\"https:\/\/controval.com\/wp-content\/uploads\/2022\/07\/Power-Industry.jpg 400w, https:\/\/controval.com\/wp-content\/uploads\/2022\/07\/Power-Industry-300x203.jpg 300w\" sizes=\"(max-width: 400px) 100vw, 400px\" \/><\/div>\n\t\t<\/figure>\n\t<\/div>\n<\/div><\/div><\/div><div class=\"wpb_column vc_column_container vc_col-sm-6 vc_col-lg-6 vc_col-md-6\"><div class=\"vc_column-inner\"><div class=\"wpb_wrapper\"><h2 style=\"text-align: left\" class=\"vc_custom_heading lg-right70 vc_custom_1656728135679\" >Industria de la energ\u00eda<\/h2>\n\t<div class=\"wpb_text_column wpb_content_element\" >\n\t\t<div class=\"wpb_wrapper\">\n\t\t\t<ul>\n<li>Sistemas de control<\/li>\n<li>Control valves and actuators for turbine fuel control<\/li>\n<li>Paquetes de inyecci\u00f3n de qu\u00edmicos<\/li>\n<li>Paquetes deslizantes de acondicionamiento y aceite lubricante\/gas<\/li>\n<li>Medici\u00f3n de caudal, nivel, presi\u00f3n y temperatura<\/li>\n<li>Caudal\u00edmetros, medici\u00f3n de caudal intrusivo y no intrusivo<\/li>\n<li>Identificaci\u00f3n de material positivo de PMI<\/li>\n<li>V\u00e1lvulas manuales y automatizadas<\/li>\n<\/ul>\n\n\t\t<\/div>\n\t<\/div>\n<\/div><\/div><\/div><\/div><\/div><\/section><section class=\"wpb_row vc_row-fluid vc_custom_1656727381648 vc_row-o-content-middle vc_row-flex\"><div class=\"container\"><div class=\"vc_row\"><div class=\"wpb_column vc_column_container vc_col-sm-6 vc_col-lg-6 vc_col-md-6\"><div class=\"vc_column-inner\"><div class=\"wpb_wrapper\"><h2 style=\"text-align: left\" class=\"vc_custom_heading lg-right70 vc_custom_1656728329048\" >Pulp & Paper Industry<\/h2>\n\t<div class=\"wpb_text_column wpb_content_element\" >\n\t\t<div class=\"wpb_wrapper\">\n\t\t\t<ul>\n<li>Sistemas de control<\/li>\n<li>Medici\u00f3n y control de temperatura, presi\u00f3n, nivel, Ph, conductividad, H2S, s\u00edlice, ox\u00edgeno y humedad<\/li>\n<li>Medici\u00f3n de caudal: Coriolis, magn\u00e9tica, turbina, ultras\u00f3nica, medidores de pd y ultras\u00f3nica no intrusiva<\/li>\n<li>Paquetes de inyecci\u00f3n y dosificaci\u00f3n de productos qu\u00edmicos<\/li>\n<li>Sistemas de filtrado<\/li>\n<li>Soluciones deslizantes paquetizada<\/li>\n<li>V\u00e1lvulas de alivio de seguridad y alivio, presi\u00f3n y vac\u00edo<\/li>\n<li>V\u00e1lvulas manuales y automatizadas<\/li>\n<li>V\u00e1lvulas de control y actuadores<\/li>\n<\/ul>\n\n\t\t<\/div>\n\t<\/div>\n<\/div><\/div><\/div><div class=\"wpb_column vc_column_container vc_col-sm-6 vc_col-lg-6 vc_col-md-6\"><div class=\"vc_column-inner\"><div class=\"wpb_wrapper\">\n\t<div  class=\"wpb_single_image wpb_content_element vc_align_center\">\n\t\t\n\t\t<figure class=\"wpb_wrapper vc_figure\">\n\t\t\t<div class=\"vc_single_image-wrapper   vc_box_border_grey\"><img loading=\"lazy\" decoding=\"async\" width=\"400\" height=\"270\" src=\"https:\/\/controval.com\/wp-content\/uploads\/2022\/07\/Pulp-Paper-Industry.jpg\" class=\"vc_single_image-img attachment-full\" alt=\"\" title=\"Pulp & Paper Industry\" srcset=\"https:\/\/controval.com\/wp-content\/uploads\/2022\/07\/Pulp-Paper-Industry.jpg 400w, https:\/\/controval.com\/wp-content\/uploads\/2022\/07\/Pulp-Paper-Industry-300x203.jpg 300w\" sizes=\"(max-width: 400px) 100vw, 400px\" \/><\/div>\n\t\t<\/figure>\n\t<\/div>\n<\/div><\/div><\/div><\/div><\/div><\/section><section class=\"wpb_row vc_row-fluid vc_custom_1656729127200 vc_row-has-fill vc_row-o-content-middle vc_row-flex\"><div class=\"container\"><div class=\"vc_row\"><div class=\"wpb_column vc_column_container vc_col-sm-6 vc_col-lg-6 vc_col-md-6\"><div class=\"vc_column-inner\"><div class=\"wpb_wrapper\">\n\t<div  class=\"wpb_single_image wpb_content_element vc_align_center\">\n\t\t\n\t\t<figure class=\"wpb_wrapper vc_figure\">\n\t\t\t<div class=\"vc_single_image-wrapper   vc_box_border_grey\"><img loading=\"lazy\" decoding=\"async\" width=\"400\" height=\"270\" src=\"https:\/\/controval.com\/wp-content\/uploads\/2022\/07\/Water-Industry.jpg\" class=\"vc_single_image-img attachment-full\" alt=\"\" title=\"Industria del agua\" srcset=\"https:\/\/controval.com\/wp-content\/uploads\/2022\/07\/Water-Industry.jpg 400w, https:\/\/controval.com\/wp-content\/uploads\/2022\/07\/Water-Industry-300x203.jpg 300w\" sizes=\"(max-width: 400px) 100vw, 400px\" \/><\/div>\n\t\t<\/figure>\n\t<\/div>\n<\/div><\/div><\/div><div class=\"wpb_column vc_column_container vc_col-sm-6 vc_col-lg-6 vc_col-md-6\"><div class=\"vc_column-inner\"><div class=\"wpb_wrapper\"><h2 style=\"text-align: left\" class=\"vc_custom_heading lg-right70 vc_custom_1656728407391\" >Industria del agua<\/h2>\n\t<div class=\"wpb_text_column wpb_content_element\" >\n\t\t<div class=\"wpb_wrapper\">\n\t\t\t<ul>\n<li>Sistemas de control<\/li>\n<li>Temperatura, presi\u00f3n, nivel, Ph, conductividad, H2S, s\u00edlice, medici\u00f3n y control<\/li>\n<li>Medici\u00f3n de caudal: Coriolis, magn\u00e9tica, turbina, ultras\u00f3nica, medidores de pd y ultras\u00f3nica no intrusiva<\/li>\n<li>Paquetes de inyecci\u00f3n y dosificaci\u00f3n de productos qu\u00edmicos<\/li>\n<li>Sistemas de filtrado<\/li>\n<li>Soluciones deslizantes paquetizada<\/li>\n<li>V\u00e1lvulas de alivio de seguridad y alivio, presi\u00f3n y vac\u00edo<\/li>\n<\/ul>\n\n\t\t<\/div>\n\t<\/div>\n<\/div><\/div><\/div><\/div><\/div><\/section>","protected":false},"excerpt":{"rendered":"30 years of experience offering solutions in industrial automation and fluid management has allowed Controval to solidify its relationship with recognized international brands to offer support and solutions in the different sectors of the industry. Controval has a multidisciplinary team specialized in particular solutions depending on the product and its application in the industry. Cement [...]","protected":false},"author":1,"featured_media":0,"parent":0,"menu_order":0,"comment_status":"closed","ping_status":"closed","template":"","meta":{"footnotes":""},"class_list":["post-1778","page","type-page","status-publish","hentry"],"_links":{"self":[{"href":"https:\/\/controval.com\/es\/wp-json\/wp\/v2\/pages\/1778","targetHints":{"allow":["GET"]}}],"collection":[{"href":"https:\/\/controval.com\/es\/wp-json\/wp\/v2\/pages"}],"about":[{"href":"https:\/\/controval.com\/es\/wp-json\/wp\/v2\/types\/page"}],"author":[{"embeddable":true,"href":"https:\/\/controval.com\/es\/wp-json\/wp\/v2\/users\/1"}],"replies":[{"embeddable":true,"href":"https:\/\/controval.com\/es\/wp-json\/wp\/v2\/comments?post=1778"}],"version-history":[{"count":12,"href":"https:\/\/controval.com\/es\/wp-json\/wp\/v2\/pages\/1778\/revisions"}],"predecessor-version":[{"id":1921,"href":"https:\/\/controval.com\/es\/wp-json\/wp\/v2\/pages\/1778\/revisions\/1921"}],"wp:attachment":[{"href":"https:\/\/controval.com\/es\/wp-json\/wp\/v2\/media?parent=1778"}],"curies":[{"name":"wp","href":"https:\/\/api.w.org\/{rel}","templated":true}]}}