{"id":173,"date":"2018-11-07T07:34:16","date_gmt":"2018-11-07T07:34:16","guid":{"rendered":"http:\/\/localhost\/industro\/?page_id=173"},"modified":"2022-08-04T13:07:15","modified_gmt":"2022-08-04T13:07:15","slug":"about-us","status":"publish","type":"page","link":"https:\/\/controval.com\/es\/about-us\/","title":{"rendered":"Sobre nosotros"},"content":{"rendered":"<section class=\"wpb_row vc_row-fluid vc_custom_1656351124246 vc_row-has-fill vc_row-o-content-middle vc_row-flex\"><div class=\"container\"><div class=\"vc_row\"><div class=\"wpb_column vc_column_container vc_col-sm-3 vc_col-lg-2\/5 vc_col-md-6\"><div class=\"vc_column-inner\"><div class=\"wpb_wrapper\"><div class=\"wpb_images_carousel wpb_content_element vc_clearfix\"><div class=\"wpb_wrapper\"><div id=\"vc_images-carousel-1-1778676160\" data-ride=\"vc_carousel\" data-wrap=\"true\" style=\"width: 100%;\" data-interval=\"5000\" data-auto-height=\"yes\" data-mode=\"horizontal\" data-partial=\"false\" data-per-view=\"1\" data-hide-on-end=\"false\" class=\"vc_slide vc_images_carousel\"><div class=\"vc_carousel-inner\"><div class=\"vc_carousel-slideline\"><div class=\"vc_carousel-slideline-inner\"><div class=\"vc_item\"><div class=\"vc_inner\"><img fetchpriority=\"high\" decoding=\"async\" width=\"2560\" height=\"2048\" src=\"https:\/\/controval.com\/wp-content\/uploads\/2022\/06\/Nuestro-personal-y-las-instalciones-de-Controval-Barcelona-scaled.jpg\" class=\"attachment-full\" alt=\"\" title=\"Nuestro personal y las instalciones de Controval Barcelona\" srcset=\"https:\/\/controval.com\/wp-content\/uploads\/2022\/06\/Nuestro-personal-y-las-instalciones-de-Controval-Barcelona-scaled.jpg 2560w, https:\/\/controval.com\/wp-content\/uploads\/2022\/06\/Nuestro-personal-y-las-instalciones-de-Controval-Barcelona-300x240.jpg 300w, https:\/\/controval.com\/wp-content\/uploads\/2022\/06\/Nuestro-personal-y-las-instalciones-de-Controval-Barcelona-1024x819.jpg 1024w, https:\/\/controval.com\/wp-content\/uploads\/2022\/06\/Nuestro-personal-y-las-instalciones-de-Controval-Barcelona-768x614.jpg 768w, https:\/\/controval.com\/wp-content\/uploads\/2022\/06\/Nuestro-personal-y-las-instalciones-de-Controval-Barcelona-1536x1229.jpg 1536w, https:\/\/controval.com\/wp-content\/uploads\/2022\/06\/Nuestro-personal-y-las-instalciones-de-Controval-Barcelona-2048x1638.jpg 2048w, https:\/\/controval.com\/wp-content\/uploads\/2022\/06\/Nuestro-personal-y-las-instalciones-de-Controval-Barcelona-750x600.jpg 750w\" sizes=\"(max-width: 2560px) 100vw, 2560px\" \/><\/div><\/div><div class=\"vc_item\"><div class=\"vc_inner\"><img decoding=\"async\" width=\"2560\" height=\"1703\" src=\"https:\/\/controval.com\/wp-content\/uploads\/2022\/06\/Personal-de-Controval-Caracas-y-sus-instalaciones.-scaled.jpg\" class=\"attachment-full\" alt=\"\" title=\"Personal de Controval Caracas y sus instalaciones.\" srcset=\"https:\/\/controval.com\/wp-content\/uploads\/2022\/06\/Personal-de-Controval-Caracas-y-sus-instalaciones.-scaled.jpg 2560w, https:\/\/controval.com\/wp-content\/uploads\/2022\/06\/Personal-de-Controval-Caracas-y-sus-instalaciones.-300x200.jpg 300w, https:\/\/controval.com\/wp-content\/uploads\/2022\/06\/Personal-de-Controval-Caracas-y-sus-instalaciones.-1024x681.jpg 1024w, https:\/\/controval.com\/wp-content\/uploads\/2022\/06\/Personal-de-Controval-Caracas-y-sus-instalaciones.-768x511.jpg 768w, https:\/\/controval.com\/wp-content\/uploads\/2022\/06\/Personal-de-Controval-Caracas-y-sus-instalaciones.-1536x1022.jpg 1536w, https:\/\/controval.com\/wp-content\/uploads\/2022\/06\/Personal-de-Controval-Caracas-y-sus-instalaciones.-2048x1363.jpg 2048w, https:\/\/controval.com\/wp-content\/uploads\/2022\/06\/Personal-de-Controval-Caracas-y-sus-instalaciones.-750x499.jpg 750w\" sizes=\"(max-width: 2560px) 100vw, 2560px\" \/><\/div><\/div><div class=\"vc_item\"><div class=\"vc_inner\"><img decoding=\"async\" width=\"2560\" height=\"1714\" src=\"https:\/\/controval.com\/wp-content\/uploads\/2022\/06\/Grupo-de-Ventas-y-Servicio-de-Controval-Valencia-scaled.jpg\" class=\"attachment-full\" alt=\"\" title=\"Grupo de Ventas y Servicio de Controval Valencia\" srcset=\"https:\/\/controval.com\/wp-content\/uploads\/2022\/06\/Grupo-de-Ventas-y-Servicio-de-Controval-Valencia-scaled.jpg 2560w, https:\/\/controval.com\/wp-content\/uploads\/2022\/06\/Grupo-de-Ventas-y-Servicio-de-Controval-Valencia-300x201.jpg 300w, https:\/\/controval.com\/wp-content\/uploads\/2022\/06\/Grupo-de-Ventas-y-Servicio-de-Controval-Valencia-1024x685.jpg 1024w, https:\/\/controval.com\/wp-content\/uploads\/2022\/06\/Grupo-de-Ventas-y-Servicio-de-Controval-Valencia-768x514.jpg 768w, https:\/\/controval.com\/wp-content\/uploads\/2022\/06\/Grupo-de-Ventas-y-Servicio-de-Controval-Valencia-1536x1028.jpg 1536w, https:\/\/controval.com\/wp-content\/uploads\/2022\/06\/Grupo-de-Ventas-y-Servicio-de-Controval-Valencia-2048x1371.jpg 2048w, https:\/\/controval.com\/wp-content\/uploads\/2022\/06\/Grupo-de-Ventas-y-Servicio-de-Controval-Valencia-750x502.jpg 750w\" sizes=\"(max-width: 2560px) 100vw, 2560px\" \/><\/div><\/div><\/div><\/div><\/div><\/div><\/div><\/div><\/div><\/div><\/div><div class=\"wpb_column vc_column_container vc_col-sm-9 vc_col-lg-3\/5 vc_col-md-6\"><div class=\"vc_column-inner\"><div class=\"wpb_wrapper\"><h2 style=\"text-align: left\" class=\"vc_custom_heading lg-right70 vc_custom_1656351821496\" >Sobre Nosotros<\/h2><div class=\"vc_tta-container\" data-vc-action=\"collapseAll\"><div class=\"vc_general vc_tta vc_tta-accordion vc_tta-color-grey vc_tta-style-classic vc_tta-shape-rounded vc_tta-o-shape-group vc_tta-controls-align-left vc_tta-o-all-clickable  lg-right70\"><div class=\"vc_tta-panels-container\"><div class=\"vc_tta-panels\"><div class=\"vc_tta-panel\" id=\"who-we-are\" data-vc-content=\".vc_tta-panel-body\"><div class=\"vc_tta-panel-heading\"><h4 class=\"vc_tta-panel-title vc_tta-controls-icon-position-right\"><a href=\"#who-we-are\" data-vc-accordion data-vc-container=\".vc_tta-container\"><span class=\"vc_tta-title-text\">Qui\u00e9nes somos<\/span><i class=\"vc_tta-controls-icon vc_tta-controls-icon-chevron\"><\/i><\/a><\/h4><\/div><div class=\"vc_tta-panel-body\">\n\t<div class=\"wpb_text_column wpb_content_element\" >\n\t\t<div class=\"wpb_wrapper\">\n\t\t\t<p>CONTROVAL se al\u00eda con sus clientes para brindar una soluci\u00f3n eficaz y eficiente a la medida de sus necesidades. Un compromiso que implica una cuidadosa selecci\u00f3n de productos, trabajando con proveedores y fabricantes con certificaciones y altos est\u00e1ndares de calidad para mejorar continuamente nuestros procesos productivos  mediante la selecci\u00f3n, capacitaci\u00f3n y motivaci\u00f3n m\u00e1s adecuada de nuestro recurso humano.<\/p>\n<p>CONTROVAL es una empresa l\u00edder en automatizaci\u00f3n industrial que se compromete con la plena satisfacci\u00f3n de sus clientes al ofrecer la mejor soluci\u00f3n automatizada, con la m\u00e1s eficiente relaci\u00f3n costo\/beneficio, considerando siempre las \u00faltimas tecnolog\u00edas que se ajusten a los mejores intereses de nuestros clientes.<\/p>\n\n\t\t<\/div>\n\t<\/div>\n<\/div><\/div><div class=\"vc_tta-panel\" id=\"mission-and-vision\" data-vc-content=\".vc_tta-panel-body\"><div class=\"vc_tta-panel-heading\"><h4 class=\"vc_tta-panel-title vc_tta-controls-icon-position-right\"><a href=\"#mission-and-vision\" data-vc-accordion data-vc-container=\".vc_tta-container\"><span class=\"vc_tta-title-text\">Misi\u00f3n y visi\u00f3n<\/span><i class=\"vc_tta-controls-icon vc_tta-controls-icon-chevron\"><\/i><\/a><\/h4><\/div><div class=\"vc_tta-panel-body\">\n\t<div class=\"wpb_text_column wpb_content_element\" >\n\t\t<div class=\"wpb_wrapper\">\n\t\t\t<h4>Misi\u00f3n<\/h4>\n<p>Suministrar con orgullo soluciones integrales y oportunas en el Manejo de Fluidos, Instrumentaci\u00f3n y Automatizaci\u00f3n Industrial en pro de satisfacer los requisitos de las partes interesadas pertinentes, a trav\u00e9s del establecimiento de alianzas estrat\u00e9gicas,  asegurando la transparencia y el uso del conocimiento tecnol\u00f3gico en los procesos.<\/p>\n<h4>Visi\u00f3n<\/h4>\n<p>Liderar el mercado de automatizaci\u00f3n industrial como proveedor confiable de soluciones integrales y universales con m\u00e1ximo valor agregado nacional, a la entera satisfacci\u00f3n de nuestros clientes en t\u00e9rminos de calidad, oportunidad, seguridad y confiabilidad.<\/p>\n\n\t\t<\/div>\n\t<\/div>\n<\/div><\/div><div class=\"vc_tta-panel\" id=\"profile\" data-vc-content=\".vc_tta-panel-body\"><div class=\"vc_tta-panel-heading\"><h4 class=\"vc_tta-panel-title vc_tta-controls-icon-position-right\"><a href=\"#profile\" data-vc-accordion data-vc-container=\".vc_tta-container\"><span class=\"vc_tta-title-text\">Perfil<\/span><i class=\"vc_tta-controls-icon vc_tta-controls-icon-chevron\"><\/i><\/a><\/h4><\/div><div class=\"vc_tta-panel-body\">\n\t<div class=\"wpb_text_column wpb_content_element\" >\n\t\t<div class=\"wpb_wrapper\">\n\t\t\t<p>CONTROVAL es una organizaci\u00f3n establecida en marzo de 1991; dedicada a brindar soluciones de automatizaci\u00f3n con el m\u00e1s alto valor agregado. La empresa cuenta con un excelente equipo profesional que incluye, entre otros, unidad de Operaciones e Ingenier\u00eda de alto nivel.<\/p>\n<p><img loading=\"lazy\" decoding=\"async\" class=\"aligncenter wp-image-1175\" src=\"https:\/\/controval.solucionespm.net\/wp-content\/uploads\/2022\/06\/who-we-are1-300x203.jpg\" alt=\"\" width=\"400\" height=\"270\" srcset=\"https:\/\/controval.com\/wp-content\/uploads\/2022\/06\/who-we-are1-300x203.jpg 300w, https:\/\/controval.com\/wp-content\/uploads\/2022\/06\/who-we-are1.jpg 400w\" sizes=\"(max-width: 400px) 100vw, 400px\" \/><\/p>\n<p>En CONTROVAL, innovamos con ganas de convertirnos en un socio de confianza para nuestros clientes, impulsando el suministro de productos y servicios que superen sus expectativas.<\/p>\n<p>CONTROVAL has more than 30 years developing excellence in projects; the company has the knowledge and the expertise related with industry automation. Controval handles many different industries, such as: oil & gas, petrochemical, refining, chemicals, pulp & paper, iron & steel, mining, cements, water treatment, pharmaceutical, food & beverages.<\/p>\n\n\t\t<\/div>\n\t<\/div>\n<\/div><\/div><div class=\"vc_tta-panel\" id=\"quality-Policy\" data-vc-content=\".vc_tta-panel-body\"><div class=\"vc_tta-panel-heading\"><h4 class=\"vc_tta-panel-title vc_tta-controls-icon-position-right\"><a href=\"#quality-Policy\" data-vc-accordion data-vc-container=\".vc_tta-container\"><span class=\"vc_tta-title-text\">Pol\u00edtica de calidad<\/span><i class=\"vc_tta-controls-icon vc_tta-controls-icon-chevron\"><\/i><\/a><\/h4><\/div><div class=\"vc_tta-panel-body\">\n\t<div class=\"wpb_text_column wpb_content_element\" >\n\t\t<div class=\"wpb_wrapper\">\n\t\t\t<p>Es pol\u00edtica de CONTROVAL, C.A. el ofrecer productos y servicios de la m\u00e1s alta calidad relacionados con soluciones en el manejo de fluidos, instrumentaci\u00f3n y automatizaci\u00f3n industrial, respaldados por el empleo de personal competente, el compromiso de cumplir con los requisitos aplicables y mejorar continuamente nuestro Sistema de Gesti\u00f3n de la Calidad, con un enfoque hacia la eficacia y eficiencia de nuestros procesos, la interrelaci\u00f3n mutuamente beneficiosa con las partes interesadas pertinentes y la b\u00fasqueda de oportunidades<br \/>\n<img loading=\"lazy\" decoding=\"async\" class=\"aligncenter wp-image-1177 size-full\" src=\"https:\/\/controval.solucionespm.net\/wp-content\/uploads\/2022\/06\/who-we-are2.jpg\" alt=\"\" width=\"400\" height=\"270\" srcset=\"https:\/\/controval.com\/wp-content\/uploads\/2022\/06\/who-we-are2.jpg 400w, https:\/\/controval.com\/wp-content\/uploads\/2022\/06\/who-we-are2-300x203.jpg 300w\" sizes=\"(max-width: 400px) 100vw, 400px\" \/><\/p>\n\n\t\t<\/div>\n\t<\/div>\n<\/div><\/div><div class=\"vc_tta-panel\" id=\"terms-and-conditions\" data-vc-content=\".vc_tta-panel-body\"><div class=\"vc_tta-panel-heading\"><h4 class=\"vc_tta-panel-title vc_tta-controls-icon-position-right\"><a href=\"#terms-and-conditions\" data-vc-accordion data-vc-container=\".vc_tta-container\"><span class=\"vc_tta-title-text\">T\u00e9rminos y condiciones<\/span><i class=\"vc_tta-controls-icon vc_tta-controls-icon-chevron\"><\/i><\/a><\/h4><\/div><div class=\"vc_tta-panel-body\">\n\t<div class=\"wpb_text_column wpb_content_element\" >\n\t\t<div class=\"wpb_wrapper\">\n\t\t\t<p>Puede descargar nuestras condiciones de contrataci\u00f3n de Controval USA LLC en el siguiente icono PDF:<\/p>\n<p><a href=\"https:\/\/controval.solucionespm.net\/wp-content\/uploads\/2022\/06\/Controval-USA-Terms-and-Conditions-2020.pdf\" target=\"_blank\" rel=\"noopener\"><img loading=\"lazy\" decoding=\"async\" class=\"alignnone wp-image-1197\" src=\"https:\/\/controval.solucionespm.net\/wp-content\/uploads\/2022\/06\/file_type_pdf_icon_130274-300x300.png\" alt=\"\" width=\"70\" height=\"70\" srcset=\"https:\/\/controval.com\/wp-content\/uploads\/2022\/06\/file_type_pdf_icon_130274-300x300.png 300w, https:\/\/controval.com\/wp-content\/uploads\/2022\/06\/file_type_pdf_icon_130274-150x150.png 150w, https:\/\/controval.com\/wp-content\/uploads\/2022\/06\/file_type_pdf_icon_130274-100x100.png 100w, https:\/\/controval.com\/wp-content\/uploads\/2022\/06\/file_type_pdf_icon_130274.png 512w\" sizes=\"(max-width: 70px) 100vw, 70px\" \/><\/a><\/p>\n<p>Puede descargar nuestras condiciones de contrataci\u00f3n de Controval S.A.S Colombia desde el siguiente icono PDF:<\/p>\n<p><a href=\"https:\/\/controval.solucionespm.net\/wp-content\/uploads\/2022\/06\/Terminos-y-Condiciones-de-Contratacion-Colombia.pdf\" target=\"_blank\" rel=\"noopener\"><img loading=\"lazy\" decoding=\"async\" class=\"alignnone wp-image-1197\" src=\"https:\/\/controval.solucionespm.net\/wp-content\/uploads\/2022\/06\/file_type_pdf_icon_130274-300x300.png\" alt=\"\" width=\"70\" height=\"70\" srcset=\"https:\/\/controval.com\/wp-content\/uploads\/2022\/06\/file_type_pdf_icon_130274-300x300.png 300w, https:\/\/controval.com\/wp-content\/uploads\/2022\/06\/file_type_pdf_icon_130274-150x150.png 150w, https:\/\/controval.com\/wp-content\/uploads\/2022\/06\/file_type_pdf_icon_130274-100x100.png 100w, https:\/\/controval.com\/wp-content\/uploads\/2022\/06\/file_type_pdf_icon_130274.png 512w\" sizes=\"(max-width: 70px) 100vw, 70px\" \/><\/a><\/p>\n<p>Puede descargar nuestras condiciones de contrataci\u00f3n de Controval C.A. Venezuela desde el siguiente icono PDF:<\/p>\n<p><a href=\"https:\/\/controval.solucionespm.net\/wp-content\/uploads\/2022\/06\/Terminos-y-Condiciones-de-Contratacion-Venezuela.pdf\" target=\"_blank\" rel=\"noopener\"><img loading=\"lazy\" decoding=\"async\" class=\"alignnone wp-image-1197\" src=\"https:\/\/controval.solucionespm.net\/wp-content\/uploads\/2022\/06\/file_type_pdf_icon_130274-300x300.png\" alt=\"\" width=\"70\" height=\"70\" srcset=\"https:\/\/controval.com\/wp-content\/uploads\/2022\/06\/file_type_pdf_icon_130274-300x300.png 300w, https:\/\/controval.com\/wp-content\/uploads\/2022\/06\/file_type_pdf_icon_130274-150x150.png 150w, https:\/\/controval.com\/wp-content\/uploads\/2022\/06\/file_type_pdf_icon_130274-100x100.png 100w, https:\/\/controval.com\/wp-content\/uploads\/2022\/06\/file_type_pdf_icon_130274.png 512w\" sizes=\"(max-width: 70px) 100vw, 70px\" \/><\/a><\/p>\n\n\t\t<\/div>\n\t<\/div>\n<\/div><\/div><\/div><\/div><\/div><\/div><\/div><\/div><\/div><\/div><\/div><\/section><section id=\"values\" class=\"wpb_row vc_row-fluid vc_custom_1655845162327\"><div class=\"container\"><div class=\"vc_row\"><div class=\"wpb_column vc_column_container vc_col-sm-12 vc_col-md-6\"><div class=\"vc_column-inner\"><div class=\"wpb_wrapper\"><p style=\"font-size: 60px;color: #0a0f2b;line-height: 68px;text-align: left;font-family:Roboto;font-weight:300;font-style:normal\" class=\"vc_custom_heading vc_custom_1655844990037\" >Valores<\/p><\/div><\/div><\/div><div class=\"wpb_column vc_column_container vc_col-sm-12 vc_col-md-6\"><div class=\"vc_column-inner\"><div class=\"wpb_wrapper\"><div class=\"vc_row wpb_row vc_inner vc_row-fluid\"><div class=\"wpb_column vc_column_container vc_col-sm-6\"><div class=\"vc_column-inner\"><div class=\"wpb_wrapper\">\n    <div class=\"icon-box\">\n                <img decoding=\"async\" src=\"https:\/\/controval.com\/wp-content\/uploads\/2018\/11\/team.png\" alt=\"icon\">        <div class=\"content-box\">\n            <h5>Relaciones humanas<\/h5>\n            <p><\/p>\n<ul>\n<li>Cortes\u00eda y respeto<\/li>\n<li>Desarrollo profesional<\/li>\n<li>Humor<\/li>\n<li>Celebraci\u00f3n de logros<\/li>\n<li>Colaboraci\u00f3n interpersonal<\/li>\n<\/ul>\n<p><\/p>\n                    <\/div>\n    <\/div>\n\n    <div class=\"vc_empty_space\"   style=\"height: 50px\"><span class=\"vc_empty_space_inner\"><\/span><\/div>\n    <div class=\"icon-box\">\n                <img decoding=\"async\" src=\"https:\/\/controval.com\/wp-content\/uploads\/2018\/11\/team-global.png\" alt=\"icon\">        <div class=\"content-box\">\n            <h5>Integridad<\/h5>\n            <p><\/p>\n<ul>\n<li>Honestidad<\/li>\n<li>Responsabilidad<\/li>\n<li>\u00c9tica<\/li>\n<li>Profesionalismo<\/li>\n<li>Lealtad a los principios<\/li>\n<\/ul>\n<p><\/p>\n                    <\/div>\n    <\/div>\n\n    <div class=\"vc_empty_space  lg-hidden md-hidden\"   style=\"height: 50px\"><span class=\"vc_empty_space_inner\"><\/span><\/div><\/div><\/div><\/div><div class=\"wpb_column vc_column_container vc_col-sm-6\"><div class=\"vc_column-inner\"><div class=\"wpb_wrapper\">\n    <div class=\"icon-box\">\n                <img decoding=\"async\" src=\"https:\/\/controval.com\/wp-content\/uploads\/2018\/11\/handshake.png\" alt=\"icon\">        <div class=\"content-box\">\n            <h5>Vocaci\u00f3n de servicio<\/h5>\n            <p><\/p>\n<ul>\n<li>Satisfacci\u00f3n del cliente, nuestro objetivo<\/li>\n<li>Calidad sin condiciones<\/li>\n<li>Evoluci\u00f3n continua<\/li>\n<li>Orgullo de ser \u00fatil<\/li>\n<li>Rapidez y flexibilidad<\/li>\n<\/ul>\n<p><\/p>\n                    <\/div>\n    <\/div>\n\n    <div class=\"vc_empty_space\"   style=\"height: 50px\"><span class=\"vc_empty_space_inner\"><\/span><\/div>\n    <div class=\"icon-box\">\n                <img decoding=\"async\" src=\"https:\/\/controval.com\/wp-content\/uploads\/2018\/11\/idea.png\" alt=\"icon\">        <div class=\"content-box\">\n            <h5>Emprendimiento<\/h5>\n            <p><\/p>\n<ul>\n<li>Liderazgo y empuje<\/li>\n<li>Confianza<\/li>\n<li>Iniciativa, creatividad e innovaci\u00f3n<\/li>\n<li>Entusiasmo<\/li>\n<li>Esp\u00edritu emprendedor<\/li>\n<\/ul>\n<p><\/p>\n                    <\/div>\n    <\/div>\n\n    <\/div><\/div><\/div><\/div><\/div><\/div><\/div><\/div><\/div><\/section><section class=\"wpb_row vc_row-fluid bg-primary call-to-action vc_custom_1542184444490\"><div class=\"container\"><div class=\"vc_row\"><div class=\"wpb_column vc_column_container vc_col-sm-12 vc_col-md-8\"><div class=\"vc_column-inner\"><div class=\"wpb_wrapper\"><h3 style=\"color: #ffffff;text-align: left\" class=\"vc_custom_heading vc_custom_1659358438302\" >PERMITANOS SER SU ALIADO EN SOLUCIONES PAQUETIZADAS TIPO SKID<\/h3><\/div><\/div><\/div><div class=\"wpb_column vc_column_container vc_col-sm-12 vc_col-md-4\"><div class=\"vc_column-inner\"><div class=\"wpb_wrapper\">\n    <div class=\"text-right\">\n        <a class=\"btn btn-medium btn-light\" href=\"https:\/\/controval.com\/es\/skids\/\" style=\"\">Saber m\u00e1s<\/a>\n    <\/div>\n\n    <\/div><\/div><\/div><\/div><\/div><\/section>","protected":false},"excerpt":{"rendered":"About USWho we are CONTROVAL allies with its customers to provide an effective and efficient solution to fit their needs. A commitment that involves a careful selection of products, working with vendors and manufacturers with certifications and high-quality standards to continuously improve our production processes always upgrading our selection, training, and motivation of our own [...]","protected":false},"author":1,"featured_media":0,"parent":0,"menu_order":0,"comment_status":"closed","ping_status":"closed","template":"","meta":{"footnotes":""},"class_list":["post-173","page","type-page","status-publish","hentry"],"_links":{"self":[{"href":"https:\/\/controval.com\/es\/wp-json\/wp\/v2\/pages\/173","targetHints":{"allow":["GET"]}}],"collection":[{"href":"https:\/\/controval.com\/es\/wp-json\/wp\/v2\/pages"}],"about":[{"href":"https:\/\/controval.com\/es\/wp-json\/wp\/v2\/types\/page"}],"author":[{"embeddable":true,"href":"https:\/\/controval.com\/es\/wp-json\/wp\/v2\/users\/1"}],"replies":[{"embeddable":true,"href":"https:\/\/controval.com\/es\/wp-json\/wp\/v2\/comments?post=173"}],"version-history":[{"count":52,"href":"https:\/\/controval.com\/es\/wp-json\/wp\/v2\/pages\/173\/revisions"}],"predecessor-version":[{"id":2077,"href":"https:\/\/controval.com\/es\/wp-json\/wp\/v2\/pages\/173\/revisions\/2077"}],"wp:attachment":[{"href":"https:\/\/controval.com\/es\/wp-json\/wp\/v2\/media?parent=173"}],"curies":[{"name":"wp","href":"https:\/\/api.w.org\/{rel}","templated":true}]}}