{"id":1669,"date":"2022-07-02T00:23:03","date_gmt":"2022-07-02T00:23:03","guid":{"rendered":"https:\/\/controval.solucionespm.net\/?page_id=1669"},"modified":"2022-08-03T23:12:48","modified_gmt":"2022-08-03T23:12:48","slug":"analytical-instrumentation","status":"publish","type":"page","link":"https:\/\/controval.com\/es\/products\/instrumentation\/analytical-instrumentation\/","title":{"rendered":"Instrumentaci\u00f3n Anal\u00edtica"},"content":{"rendered":"<section class=\"wpb_row vc_row-fluid vc_custom_1542188489306\"><div class=\"container\"><div class=\"vc_row\"><div class=\"lg-right40 wpb_column vc_column_container vc_col-sm-8 vc_col-md-4\"><div class=\"vc_column-inner\"><div class=\"wpb_wrapper\"><div  class=\"vc_wp_custommenu wpb_content_element\"><div class=\"widget widget_nav_menu\"><div class=\"menu-productos-container\"><ul id=\"menu-productos\" class=\"menu\"><li id=\"menu-item-1695\" class=\"menu-item menu-item-type-post_type menu-item-object-page menu-item-1695\"><a href=\"https:\/\/controval.com\/es\/products\/flow-measurement\/\">Medici\u00f3n de Flujo<\/a><\/li>\n<li id=\"menu-item-1709\" class=\"menu-item menu-item-type-post_type menu-item-object-page menu-item-1709\"><a href=\"https:\/\/controval.com\/es\/products\/level-measurement\/\">Medici\u00f3n de nivel<\/a><\/li>\n<li id=\"menu-item-1691\" class=\"menu-item menu-item-type-post_type menu-item-object-page menu-item-1691\"><a href=\"https:\/\/controval.com\/es\/products\/automated-valves\/\">V\u00e1lvulas Automatizadas<\/a><\/li>\n<li id=\"menu-item-1692\" class=\"menu-item menu-item-type-post_type menu-item-object-page menu-item-1692\"><a href=\"https:\/\/controval.com\/es\/products\/automated-valves\/manual-valves\/\">V\u00e1lvulas manuales<\/a><\/li>\n<li id=\"menu-item-1693\" class=\"menu-item menu-item-type-post_type menu-item-object-page menu-item-1693\"><a href=\"https:\/\/controval.com\/es\/products\/control-valves\/\">V\u00e1lvulas de control<\/a><\/li>\n<li id=\"menu-item-1697\" class=\"menu-item menu-item-type-post_type menu-item-object-page menu-item-has-children menu-item-1697\"><a href=\"https:\/\/controval.com\/es\/products\/instrumentation\/\">Instrumentaci\u00f3n<\/a>\n<ul class=\"sub-menu\">\n\t<li id=\"menu-item-1706\" class=\"menu-item menu-item-type-post_type menu-item-object-page menu-item-1706\"><a href=\"https:\/\/controval.com\/es\/products\/instrumentation\/field-devices-transmitters\/\">Equipos de Campo y Transmisores<\/a><\/li>\n\t<li id=\"menu-item-1705\" class=\"menu-item menu-item-type-post_type menu-item-object-page menu-item-1705\"><a href=\"https:\/\/controval.com\/es\/products\/instrumentation\/analytical-instrumentation\/\">Instrumentaci\u00f3n Anal\u00edtica<\/a><\/li>\n\t<li id=\"menu-item-1708\" class=\"menu-item menu-item-type-post_type menu-item-object-page menu-item-1708\"><a href=\"https:\/\/controval.com\/es\/products\/instrumentation\/safety-relief-valves\/\">V\u00e1lvulas de Alivio de Presi\u00f3n (PRV)<\/a><\/li>\n\t<li id=\"menu-item-1707\" class=\"menu-item menu-item-type-post_type menu-item-object-page menu-item-1707\"><a href=\"https:\/\/controval.com\/es\/products\/instrumentation\/pneumatics-hydraulics-control-panels\/\">Pneumatics  & Hydraulics Control Panels<\/a><\/li>\n\t<li id=\"menu-item-1704\" class=\"menu-item menu-item-type-post_type menu-item-object-page menu-item-1704\"><a href=\"https:\/\/controval.com\/es\/products\/instrumentation\/accessories\/solenoid-pilot-valves\/\">V\u00e1lvulas Solenoides y Piloteadas<\/a><\/li>\n\t<li id=\"menu-item-1703\" class=\"menu-item menu-item-type-post_type menu-item-object-page menu-item-1703\"><a href=\"https:\/\/controval.com\/es\/products\/instrumentation\/accessories\/pressure-vacuum-valves\/\">Pressure & Vacuum Valves<\/a><\/li>\n\t<li id=\"menu-item-1701\" class=\"menu-item menu-item-type-post_type menu-item-object-page menu-item-1701\"><a href=\"https:\/\/controval.com\/es\/products\/instrumentation\/accessories\/limit-switches-for-end-of-stroke\/\">L\u00edmites de carrera<\/a><\/li>\n\t<li id=\"menu-item-1700\" class=\"menu-item menu-item-type-post_type menu-item-object-page menu-item-1700\"><a href=\"https:\/\/controval.com\/es\/products\/instrumentation\/accessories\/insulation-for-equipment-pipes-and-instrumentation\/\">Sistemas de Aislamiento T\u00e9rmico<\/a><\/li>\n\t<li id=\"menu-item-1852\" class=\"menu-item menu-item-type-post_type menu-item-object-page menu-item-1852\"><a href=\"https:\/\/controval.com\/es\/products\/instrumentation\/accessories\/fireproofing\/\">Contrafuego<\/a><\/li>\n\t<li id=\"menu-item-1699\" class=\"menu-item menu-item-type-post_type menu-item-object-page menu-item-1699\"><a href=\"https:\/\/controval.com\/es\/products\/instrumentation\/accessories\/i-p-converters\/\">Convertidores I\/P<\/a><\/li>\n\t<li id=\"menu-item-1702\" class=\"menu-item menu-item-type-post_type menu-item-object-page menu-item-1702\"><a href=\"https:\/\/controval.com\/es\/products\/instrumentation\/accessories\/positioners-for-modulating-applications\/\">Posicionadores en aplicaciones de modulaci\u00f3n<\/a><\/li>\n<\/ul>\n<\/li>\n<li id=\"menu-item-1696\" class=\"menu-item menu-item-type-post_type menu-item-object-page menu-item-1696\"><a href=\"https:\/\/controval.com\/es\/products\/industrial-automation\/\">Automatizaci\u00f3n Industrial<\/a><\/li>\n<li id=\"menu-item-1710\" class=\"menu-item menu-item-type-post_type menu-item-object-page menu-item-1710 translation-block\"><a href=\"https:\/\/controval.com\/es\/products\/rotating-equipment-monitoring-protection\/\" target=\"_self\">Monitoreo y protecci\u00f3n <br> de equipos rotativos\n<\/a><\/li>\n<li id=\"menu-item-1694\" class=\"menu-item menu-item-type-post_type menu-item-object-page menu-item-1694\"><a href=\"https:\/\/controval.com\/es\/products\/filtration\/\">Filtraci\u00f3n<\/a><\/li>\n<li id=\"menu-item-1711\" class=\"menu-item menu-item-type-post_type menu-item-object-page menu-item-has-children menu-item-1711\"><a href=\"https:\/\/controval.com\/es\/products\/services\/\">Servicios<\/a>\n<ul class=\"sub-menu\">\n\t<li id=\"menu-item-1894\" class=\"menu-item menu-item-type-post_type menu-item-object-page menu-item-1894\"><a href=\"https:\/\/controval.com\/es\/products\/services\/field-installation-and-commissioning\/\">Instalaci\u00f3n y puesta en servicio en campo<\/a><\/li>\n<\/ul>\n<\/li>\n<\/ul><\/div><\/div><\/div><\/div><\/div><\/div><div class=\"wpb_column vc_column_container vc_col-sm-4 vc_col-md-8\"><div class=\"vc_column-inner\"><div class=\"wpb_wrapper\"><h2 style=\"text-align: left\" class=\"vc_custom_heading vc_custom_1656724853920\" >Instrumentaci\u00f3n Anal\u00edtica<\/h2>\n\t<div class=\"wpb_text_column wpb_content_element\" >\n\t\t<div class=\"wpb_wrapper\">\n\t\t\t<p>Controval, selecciona y comercializa equipos instrumentos para el an\u00e1lisis de l\u00edquidos y gases, as\u00ed como equipos de muestreo autom\u00e1ticos o manuales. Consideraciones importantes a tomar en cuenta son los puntos de muestra, el lazo r\u00e1pido y el acondicionador de muestra. Controval dise\u00f1a y fabrica casetas de analizadores para aplicaciones industriales<\/p>\n<p><strong><img fetchpriority=\"high\" decoding=\"async\" class=\"size-full wp-image-2067 alignright\" src=\"https:\/\/controval.solucionespm.net\/wp-content\/uploads\/2022\/08\/Analytical-Instrumentation-1.jpg\" alt=\"Instrumentaci\u00f3n Anal\u00edtica\" width=\"300\" height=\"225\" \/>Aplicaciones de Agua pura \/ ultrapura<\/strong><\/p>\n<ul>\n<li>pH, redox, conductividad.<\/li>\n<li>Ox\u00edgeno disuelto (ppb y ppm).<\/li>\n<li>S\u00edlice (bajas y altas concentraciones).<\/li>\n<li>Sodio, Cloro (altas y bajas concentraciones).<\/li>\n<li>Dureza, Fluoruros, Amon\u00edaco (para caldera de vapor), Hidracina (Eliminox)<\/li>\n<\/ul>\n<p><strong><img decoding=\"async\" class=\"size-full wp-image-2066 alignright\" src=\"https:\/\/controval.solucionespm.net\/wp-content\/uploads\/2022\/08\/Analytical-Instrumentation-2.jpg\" alt=\"Instrumentaci\u00f3n Anal\u00edtica\" width=\"300\" height=\"292\" \/>Aplicaciones de Agua potable o aguas residuales<\/strong><\/p>\n<ul>\n<li>Analizador de l\u00edquidos (pH, ORP, conductividad, ox\u00edgeno disuelto, cloro libre, cloro residual, turbidez, s\u00f3lido disuelto, sodio, s\u00edlice, fosfato, dureza de calcita, etc.)<\/li>\n<li>Turbidez (rango amplio).<\/li>\n<li>S\u00f3lidos suspendidos.<\/li>\n<li>Cloro libre.<\/li>\n<li>Fluoruro.<\/li>\n<li>PH diferencial y ORP.<\/li>\n<\/ul>\n<p><strong><img decoding=\"async\" class=\"size-full wp-image-2065 alignright\" src=\"https:\/\/controval.solucionespm.net\/wp-content\/uploads\/2022\/08\/Analytical-Instrumentation-3.jpg\" alt=\"Instrumentaci\u00f3n Anal\u00edtica\" width=\"300\" height=\"300\" srcset=\"https:\/\/controval.com\/wp-content\/uploads\/2022\/08\/Analytical-Instrumentation-3.jpg 300w, https:\/\/controval.com\/wp-content\/uploads\/2022\/08\/Analytical-Instrumentation-3-150x150.jpg 150w, https:\/\/controval.com\/wp-content\/uploads\/2022\/08\/Analytical-Instrumentation-3-100x100.jpg 100w\" sizes=\"(max-width: 300px) 100vw, 300px\" \/>Aplicaciones en An\u00e1lisis de Gas\nEquipos In Situ \u2013 <\/strong><strong>Traditional Equipment \u2013 sample transportation<\/strong><\/p>\n<ul>\n<li>An\u00e1lisis de Hidrocarburos (C1 a C6)<\/li>\n<li>Poder Calorico<\/li>\n<li>Azufre Total (SOLA)<\/li>\n<li>H2S<\/li>\n<li>CO, CO2, N. NO, NO2, SO2, y muchos otros<\/li>\n<li>Sirconia O2<\/li>\n<li>Cromatograf\u00eda<\/li>\n<li>Espectrometr\u00eda<\/li>\n<li>TDL<\/li>\n<\/ul>\n\n\t\t<\/div>\n\t<\/div>\n<\/div><\/div><\/div><\/div><\/div><\/section>","protected":false},"excerpt":{"rendered":"Flow Measurement Level Measurement Automated Valves Manual Valves Control Valves Instrumentation Field Devices &#038; Transmitters Analytical Instrumentation Safety Relief Valves Pneumatics &#038; Hydraulics Control Panels Solenoid &#038; Pilot Valves Pressure &#038; Vacuum Valves Limit switches for end of stroke Insulation for Equipment, Pipes and Instrumentation Fireproofing I\/P converters Positioners for modulating applications Industrial Automation Rotating [...]","protected":false},"author":1,"featured_media":0,"parent":1652,"menu_order":0,"comment_status":"closed","ping_status":"closed","template":"","meta":{"footnotes":""},"class_list":["post-1669","page","type-page","status-publish","hentry"],"_links":{"self":[{"href":"https:\/\/controval.com\/es\/wp-json\/wp\/v2\/pages\/1669","targetHints":{"allow":["GET"]}}],"collection":[{"href":"https:\/\/controval.com\/es\/wp-json\/wp\/v2\/pages"}],"about":[{"href":"https:\/\/controval.com\/es\/wp-json\/wp\/v2\/types\/page"}],"author":[{"embeddable":true,"href":"https:\/\/controval.com\/es\/wp-json\/wp\/v2\/users\/1"}],"replies":[{"embeddable":true,"href":"https:\/\/controval.com\/es\/wp-json\/wp\/v2\/comments?post=1669"}],"version-history":[{"count":4,"href":"https:\/\/controval.com\/es\/wp-json\/wp\/v2\/pages\/1669\/revisions"}],"predecessor-version":[{"id":2068,"href":"https:\/\/controval.com\/es\/wp-json\/wp\/v2\/pages\/1669\/revisions\/2068"}],"up":[{"embeddable":true,"href":"https:\/\/controval.com\/es\/wp-json\/wp\/v2\/pages\/1652"}],"wp:attachment":[{"href":"https:\/\/controval.com\/es\/wp-json\/wp\/v2\/media?parent=1669"}],"curies":[{"name":"wp","href":"https:\/\/api.w.org\/{rel}","templated":true}]}}