{"id":1656,"date":"2022-07-02T00:15:55","date_gmt":"2022-07-02T00:15:55","guid":{"rendered":"https:\/\/controval.solucionespm.net\/?page_id=1656"},"modified":"2022-07-02T01:48:17","modified_gmt":"2022-07-02T01:48:17","slug":"services","status":"publish","type":"page","link":"https:\/\/controval.com\/es\/products\/services\/","title":{"rendered":"Servicios"},"content":{"rendered":"<section class=\"wpb_row vc_row-fluid vc_custom_1542188489306\"><div class=\"container\"><div class=\"vc_row\"><div class=\"lg-right40 wpb_column vc_column_container vc_col-sm-8 vc_col-md-4\"><div class=\"vc_column-inner\"><div class=\"wpb_wrapper\"><div  class=\"vc_wp_custommenu wpb_content_element\"><div class=\"widget widget_nav_menu\"><div class=\"menu-productos-container\"><ul id=\"menu-productos\" class=\"menu\"><li id=\"menu-item-1695\" class=\"menu-item menu-item-type-post_type menu-item-object-page menu-item-1695\"><a href=\"https:\/\/controval.com\/es\/products\/flow-measurement\/\">Medici\u00f3n de Flujo<\/a><\/li>\n<li id=\"menu-item-1709\" class=\"menu-item menu-item-type-post_type menu-item-object-page menu-item-1709\"><a href=\"https:\/\/controval.com\/es\/products\/level-measurement\/\">Medici\u00f3n de nivel<\/a><\/li>\n<li id=\"menu-item-1691\" class=\"menu-item menu-item-type-post_type menu-item-object-page menu-item-1691\"><a href=\"https:\/\/controval.com\/es\/products\/automated-valves\/\">V\u00e1lvulas Automatizadas<\/a><\/li>\n<li id=\"menu-item-1692\" class=\"menu-item menu-item-type-post_type menu-item-object-page menu-item-1692\"><a href=\"https:\/\/controval.com\/es\/products\/automated-valves\/manual-valves\/\">V\u00e1lvulas manuales<\/a><\/li>\n<li id=\"menu-item-1693\" class=\"menu-item menu-item-type-post_type menu-item-object-page menu-item-1693\"><a href=\"https:\/\/controval.com\/es\/products\/control-valves\/\">V\u00e1lvulas de control<\/a><\/li>\n<li id=\"menu-item-1697\" class=\"menu-item menu-item-type-post_type menu-item-object-page menu-item-has-children menu-item-1697\"><a href=\"https:\/\/controval.com\/es\/products\/instrumentation\/\">Instrumentaci\u00f3n<\/a>\n<ul class=\"sub-menu\">\n\t<li id=\"menu-item-1706\" class=\"menu-item menu-item-type-post_type menu-item-object-page menu-item-1706\"><a href=\"https:\/\/controval.com\/es\/products\/instrumentation\/field-devices-transmitters\/\">Equipos de Campo y Transmisores<\/a><\/li>\n\t<li id=\"menu-item-1705\" class=\"menu-item menu-item-type-post_type menu-item-object-page menu-item-1705\"><a href=\"https:\/\/controval.com\/es\/products\/instrumentation\/analytical-instrumentation\/\">Instrumentaci\u00f3n Anal\u00edtica<\/a><\/li>\n\t<li id=\"menu-item-1708\" class=\"menu-item menu-item-type-post_type menu-item-object-page menu-item-1708\"><a href=\"https:\/\/controval.com\/es\/products\/instrumentation\/safety-relief-valves\/\">V\u00e1lvulas de Alivio de Presi\u00f3n (PRV)<\/a><\/li>\n\t<li id=\"menu-item-1707\" class=\"menu-item menu-item-type-post_type menu-item-object-page menu-item-1707\"><a href=\"https:\/\/controval.com\/es\/products\/instrumentation\/pneumatics-hydraulics-control-panels\/\">Pneumatics  & Hydraulics Control Panels<\/a><\/li>\n\t<li id=\"menu-item-1704\" class=\"menu-item menu-item-type-post_type menu-item-object-page menu-item-1704\"><a href=\"https:\/\/controval.com\/es\/products\/instrumentation\/accessories\/solenoid-pilot-valves\/\">V\u00e1lvulas Solenoides y Piloteadas<\/a><\/li>\n\t<li id=\"menu-item-1703\" class=\"menu-item menu-item-type-post_type menu-item-object-page menu-item-1703\"><a href=\"https:\/\/controval.com\/es\/products\/instrumentation\/accessories\/pressure-vacuum-valves\/\">Pressure & Vacuum Valves<\/a><\/li>\n\t<li id=\"menu-item-1701\" class=\"menu-item menu-item-type-post_type menu-item-object-page menu-item-1701\"><a href=\"https:\/\/controval.com\/es\/products\/instrumentation\/accessories\/limit-switches-for-end-of-stroke\/\">L\u00edmites de carrera<\/a><\/li>\n\t<li id=\"menu-item-1700\" class=\"menu-item menu-item-type-post_type menu-item-object-page menu-item-1700\"><a href=\"https:\/\/controval.com\/es\/products\/instrumentation\/accessories\/insulation-for-equipment-pipes-and-instrumentation\/\">Sistemas de Aislamiento T\u00e9rmico<\/a><\/li>\n\t<li id=\"menu-item-1852\" class=\"menu-item menu-item-type-post_type menu-item-object-page menu-item-1852\"><a href=\"https:\/\/controval.com\/es\/products\/instrumentation\/accessories\/fireproofing\/\">Contrafuego<\/a><\/li>\n\t<li id=\"menu-item-1699\" class=\"menu-item menu-item-type-post_type menu-item-object-page menu-item-1699\"><a href=\"https:\/\/controval.com\/es\/products\/instrumentation\/accessories\/i-p-converters\/\">Convertidores I\/P<\/a><\/li>\n\t<li id=\"menu-item-1702\" class=\"menu-item menu-item-type-post_type menu-item-object-page menu-item-1702\"><a href=\"https:\/\/controval.com\/es\/products\/instrumentation\/accessories\/positioners-for-modulating-applications\/\">Posicionadores en aplicaciones de modulaci\u00f3n<\/a><\/li>\n<\/ul>\n<\/li>\n<li id=\"menu-item-1696\" class=\"menu-item menu-item-type-post_type menu-item-object-page menu-item-1696\"><a href=\"https:\/\/controval.com\/es\/products\/industrial-automation\/\">Automatizaci\u00f3n Industrial<\/a><\/li>\n<li id=\"menu-item-1710\" class=\"menu-item menu-item-type-post_type menu-item-object-page menu-item-1710 translation-block\"><a href=\"https:\/\/controval.com\/es\/products\/rotating-equipment-monitoring-protection\/\" target=\"_self\">Monitoreo y protecci\u00f3n <br> de equipos rotativos\n<\/a><\/li>\n<li id=\"menu-item-1694\" class=\"menu-item menu-item-type-post_type menu-item-object-page menu-item-1694\"><a href=\"https:\/\/controval.com\/es\/products\/filtration\/\">Filtraci\u00f3n<\/a><\/li>\n<li id=\"menu-item-1711\" class=\"menu-item menu-item-type-post_type menu-item-object-page menu-item-has-children menu-item-1711\"><a href=\"https:\/\/controval.com\/es\/products\/services\/\">Servicios<\/a>\n<ul class=\"sub-menu\">\n\t<li id=\"menu-item-1894\" class=\"menu-item menu-item-type-post_type menu-item-object-page menu-item-1894\"><a href=\"https:\/\/controval.com\/es\/products\/services\/field-installation-and-commissioning\/\">Instalaci\u00f3n y puesta en servicio en campo<\/a><\/li>\n<\/ul>\n<\/li>\n<\/ul><\/div><\/div><\/div><\/div><\/div><\/div><div class=\"wpb_column vc_column_container vc_col-sm-4 vc_col-md-8\"><div class=\"vc_column-inner\"><div class=\"wpb_wrapper\"><h2 style=\"text-align: left\" class=\"vc_custom_heading vc_custom_1656726385877\" >Servicios<\/h2>\n\t<div class=\"wpb_text_column wpb_content_element\" >\n\t\t<div class=\"wpb_wrapper\">\n\t\t\t<p style=\"text-align: justify;\"><img fetchpriority=\"high\" decoding=\"async\" class=\"wp-image-1772 alignleft\" src=\"https:\/\/controval.solucionespm.net\/wp-content\/uploads\/2022\/07\/instrument.jpg\" alt=\"\" width=\"365\" height=\"231\" \/>Los servicios prestados por Controval incluyen el asesoramiento y asistencia t\u00e9cnica a nuestros clientes en la mayor\u00eda de los aspectos relacionados con sus proyectos de automatizaci\u00f3n para asegurar la viabilidad y correcta ejecuci\u00f3n de los mismos, realizando un estudio t\u00e9cnico de la soluci\u00f3n actualmente utilizada por nuestro cliente, con el fin de proponer una soluci\u00f3n automatizada que permita mejorar el proceso y por ende la eficiencia y competitividad.<\/p>\n<p style=\"text-align: justify;\">Nuestra asistencia t\u00e9cnica incluye ingenier\u00eda, especificaciones, estimaci\u00f3n de costos, selecci\u00f3n y suministro, instalaci\u00f3n, puesta en marcha, servicio postventa y formaci\u00f3n. El alcance de nuestros servicios incluye mantener a nuestros clientes actualizados y recomendarles actualizar sus procesos con las \u00faltimas tecnolog\u00edas del mercado tales como instrumentaci\u00f3n (presi\u00f3n, temperatura, nivel, flujo, anal\u00edtica) y automatizaci\u00f3n.<\/p>\n<p style=\"text-align: justify;\">CONTROVAL ejecuta proyectos y contratos que incluyen instalaci\u00f3n y suministro de tuber\u00eda, cableado, suministro e instalaci\u00f3n de equipos e instrumentos de control y automatizaci\u00f3n incluyendo Sistemas de Control Distribuido, PLC, Scada, as\u00ed como el tendido de tuber\u00eda neum\u00e1tica, calibraci\u00f3n, configuraci\u00f3n, puesta en marcha y puesta en marcha de soluciones automatizadas.<\/p>\n<p style=\"text-align: justify;\">CONTROVAL como especialista en v\u00e1lvulas y actuadores con m\u00e1s de treinta a\u00f1os de experiencia en el \u00e1rea, asesora y selecciona v\u00e1lvulas manuales, v\u00e1lvulas autom\u00e1ticas, v\u00e1lvulas de control o v\u00e1lvulas de alivio de presi\u00f3n, solenoides o pilotos espec\u00edficas a las necesidades de nuestros clientes.<\/p>\n<p style=\"text-align: justify;\">Ofrecemos automatizaci\u00f3n de v\u00e1lvulas a trav\u00e9s del suministro, instalaci\u00f3n y puesta en marcha de actuadores el\u00e9ctricos, neum\u00e1ticos, hidr\u00e1ulicos, gas, gas directo y\/o electrohidr\u00e1ulicos. Este servicio incluye el dise\u00f1o y fabricaci\u00f3n de la adaptaci\u00f3n del kit v\u00e1lvula-actuador, tableros de control, instalaci\u00f3n y puesta en marcha del paquete v\u00e1lvula-actuador.<\/p>\n<p style=\"text-align: justify;\">Suministramos unidades de acuerdo a las necesidades del proceso de nuestros clientes incluyendo el desarrollo de ingenier\u00eda, fabricaci\u00f3n, pruebas, instalaci\u00f3n, acondicionamiento y puesta en marcha. Ofrecemos apoyo y asistencia en el campo. Proyectos globales e integrales manejados de moderados a grandes.<\/p>\n<p style=\"text-align: justify;\">Etapas de los servicios en los que participa Controval:<\/p>\n<ul style=\"text-align: justify;\">\n<li>Asesoramiento en aplicaciones<\/li>\n<li>Dise\u00f1o<\/li>\n<li>Especificaci\u00f3n de componentes<\/li>\n<li>Planificaci\u00f3n de la producci\u00f3n<\/li>\n<li>Fabricaci\u00f3n<\/li>\n<li>Control de calidad<\/li>\n<li>Ensamblaje<\/li>\n<li>Transporte<\/li>\n<li>Instalaci\u00f3n en campo<\/li>\n<li>Servicio postventa<\/li>\n<li>Capacitaci\u00f3n y entrenamiento<\/li>\n<\/ul>\n<p style=\"text-align: justify;\">Controval respalda los productos y las soluciones que ofrece a sus clientes. Controval cuenta con un departamento de servicio con el conocimiento, la experiencia y las herramientas para brindar un soporte oportuno y confiable en el campo o en taller.<\/p>\n<p style=\"text-align: justify;\">Entre los servicios que ofrece Controval se pueden mencionar los siguientes:<\/p>\n<ul>\n<li style=\"text-align: justify;\">Instalaci\u00f3n y puesta en marcha en campo<\/li>\n<li style=\"text-align: justify;\">Programaci\u00f3n y configuraci\u00f3n de software.<\/li>\n<li style=\"text-align: justify;\">FAT y SAT<\/li>\n<li style=\"text-align: justify;\">Automatizaci\u00f3n de v\u00e1lvulas y actuadores.<\/li>\n<li style=\"text-align: justify;\">Calibraci\u00f3n y prueba de v\u00e1lvulas de alivio de presi\u00f3n.<\/li>\n<li style=\"text-align: justify;\">Prueba de presi\u00f3n, hidrost\u00e1tica y estanqueidad.<\/li>\n<\/ul>\n\n\t\t<\/div>\n\t<\/div>\n<\/div><\/div><\/div><\/div><\/div><\/section>","protected":false},"excerpt":{"rendered":"Flow Measurement Level Measurement Automated Valves Manual Valves Control Valves Instrumentation Field Devices &#038; Transmitters Analytical Instrumentation Safety Relief Valves Pneumatics &#038; Hydraulics Control Panels Solenoid &#038; Pilot Valves Pressure &#038; Vacuum Valves Limit switches for end of stroke Insulation for Equipment, Pipes and Instrumentation Fireproofing I\/P converters Positioners for modulating applications Industrial Automation Rotating [...]","protected":false},"author":1,"featured_media":0,"parent":1642,"menu_order":0,"comment_status":"closed","ping_status":"closed","template":"","meta":{"footnotes":""},"class_list":["post-1656","page","type-page","status-publish","hentry"],"_links":{"self":[{"href":"https:\/\/controval.com\/es\/wp-json\/wp\/v2\/pages\/1656","targetHints":{"allow":["GET"]}}],"collection":[{"href":"https:\/\/controval.com\/es\/wp-json\/wp\/v2\/pages"}],"about":[{"href":"https:\/\/controval.com\/es\/wp-json\/wp\/v2\/types\/page"}],"author":[{"embeddable":true,"href":"https:\/\/controval.com\/es\/wp-json\/wp\/v2\/users\/1"}],"replies":[{"embeddable":true,"href":"https:\/\/controval.com\/es\/wp-json\/wp\/v2\/comments?post=1656"}],"version-history":[{"count":3,"href":"https:\/\/controval.com\/es\/wp-json\/wp\/v2\/pages\/1656\/revisions"}],"predecessor-version":[{"id":1774,"href":"https:\/\/controval.com\/es\/wp-json\/wp\/v2\/pages\/1656\/revisions\/1774"}],"up":[{"embeddable":true,"href":"https:\/\/controval.com\/es\/wp-json\/wp\/v2\/pages\/1642"}],"wp:attachment":[{"href":"https:\/\/controval.com\/es\/wp-json\/wp\/v2\/media?parent=1656"}],"curies":[{"name":"wp","href":"https:\/\/api.w.org\/{rel}","templated":true}]}}