{"id":1655,"date":"2022-07-02T00:15:48","date_gmt":"2022-07-02T00:15:48","guid":{"rendered":"https:\/\/controval.solucionespm.net\/?page_id=1655"},"modified":"2022-07-02T01:45:18","modified_gmt":"2022-07-02T01:45:18","slug":"filtration","status":"publish","type":"page","link":"https:\/\/controval.com\/es\/products\/filtration\/","title":{"rendered":"Filtraci\u00f3n"},"content":{"rendered":"<section class=\"wpb_row vc_row-fluid vc_custom_1542188489306\"><div class=\"container\"><div class=\"vc_row\"><div class=\"lg-right40 wpb_column vc_column_container vc_col-sm-8 vc_col-md-4\"><div class=\"vc_column-inner\"><div class=\"wpb_wrapper\"><div  class=\"vc_wp_custommenu wpb_content_element\"><div class=\"widget widget_nav_menu\"><div class=\"menu-productos-container\"><ul id=\"menu-productos\" class=\"menu\"><li id=\"menu-item-1695\" class=\"menu-item menu-item-type-post_type menu-item-object-page menu-item-1695\"><a href=\"https:\/\/controval.com\/es\/products\/flow-measurement\/\">Medici\u00f3n de Flujo<\/a><\/li>\n<li id=\"menu-item-1709\" class=\"menu-item menu-item-type-post_type menu-item-object-page menu-item-1709\"><a href=\"https:\/\/controval.com\/es\/products\/level-measurement\/\">Medici\u00f3n de nivel<\/a><\/li>\n<li id=\"menu-item-1691\" class=\"menu-item menu-item-type-post_type menu-item-object-page menu-item-1691\"><a href=\"https:\/\/controval.com\/es\/products\/automated-valves\/\">V\u00e1lvulas Automatizadas<\/a><\/li>\n<li id=\"menu-item-1692\" class=\"menu-item menu-item-type-post_type menu-item-object-page menu-item-1692\"><a href=\"https:\/\/controval.com\/es\/products\/automated-valves\/manual-valves\/\">V\u00e1lvulas manuales<\/a><\/li>\n<li id=\"menu-item-1693\" class=\"menu-item menu-item-type-post_type menu-item-object-page menu-item-1693\"><a href=\"https:\/\/controval.com\/es\/products\/control-valves\/\">V\u00e1lvulas de control<\/a><\/li>\n<li id=\"menu-item-1697\" class=\"menu-item menu-item-type-post_type menu-item-object-page menu-item-has-children menu-item-1697\"><a href=\"https:\/\/controval.com\/es\/products\/instrumentation\/\">Instrumentaci\u00f3n<\/a>\n<ul class=\"sub-menu\">\n\t<li id=\"menu-item-1706\" class=\"menu-item menu-item-type-post_type menu-item-object-page menu-item-1706\"><a href=\"https:\/\/controval.com\/es\/products\/instrumentation\/field-devices-transmitters\/\">Equipos de Campo y Transmisores<\/a><\/li>\n\t<li id=\"menu-item-1705\" class=\"menu-item menu-item-type-post_type menu-item-object-page menu-item-1705\"><a href=\"https:\/\/controval.com\/es\/products\/instrumentation\/analytical-instrumentation\/\">Instrumentaci\u00f3n Anal\u00edtica<\/a><\/li>\n\t<li id=\"menu-item-1708\" class=\"menu-item menu-item-type-post_type menu-item-object-page menu-item-1708\"><a href=\"https:\/\/controval.com\/es\/products\/instrumentation\/safety-relief-valves\/\">V\u00e1lvulas de Alivio de Presi\u00f3n (PRV)<\/a><\/li>\n\t<li id=\"menu-item-1707\" class=\"menu-item menu-item-type-post_type menu-item-object-page menu-item-1707\"><a href=\"https:\/\/controval.com\/es\/products\/instrumentation\/pneumatics-hydraulics-control-panels\/\">Pneumatics  & Hydraulics Control Panels<\/a><\/li>\n\t<li id=\"menu-item-1704\" class=\"menu-item menu-item-type-post_type menu-item-object-page menu-item-1704\"><a href=\"https:\/\/controval.com\/es\/products\/instrumentation\/accessories\/solenoid-pilot-valves\/\">V\u00e1lvulas Solenoides y Piloteadas<\/a><\/li>\n\t<li id=\"menu-item-1703\" class=\"menu-item menu-item-type-post_type menu-item-object-page menu-item-1703\"><a href=\"https:\/\/controval.com\/es\/products\/instrumentation\/accessories\/pressure-vacuum-valves\/\">Pressure & Vacuum Valves<\/a><\/li>\n\t<li id=\"menu-item-1701\" class=\"menu-item menu-item-type-post_type menu-item-object-page menu-item-1701\"><a href=\"https:\/\/controval.com\/es\/products\/instrumentation\/accessories\/limit-switches-for-end-of-stroke\/\">L\u00edmites de carrera<\/a><\/li>\n\t<li id=\"menu-item-1700\" class=\"menu-item menu-item-type-post_type menu-item-object-page menu-item-1700\"><a href=\"https:\/\/controval.com\/es\/products\/instrumentation\/accessories\/insulation-for-equipment-pipes-and-instrumentation\/\">Sistemas de Aislamiento T\u00e9rmico<\/a><\/li>\n\t<li id=\"menu-item-1852\" class=\"menu-item menu-item-type-post_type menu-item-object-page menu-item-1852\"><a href=\"https:\/\/controval.com\/es\/products\/instrumentation\/accessories\/fireproofing\/\">Contrafuego<\/a><\/li>\n\t<li id=\"menu-item-1699\" class=\"menu-item menu-item-type-post_type menu-item-object-page menu-item-1699\"><a href=\"https:\/\/controval.com\/es\/products\/instrumentation\/accessories\/i-p-converters\/\">Convertidores I\/P<\/a><\/li>\n\t<li id=\"menu-item-1702\" class=\"menu-item menu-item-type-post_type menu-item-object-page menu-item-1702\"><a href=\"https:\/\/controval.com\/es\/products\/instrumentation\/accessories\/positioners-for-modulating-applications\/\">Posicionadores en aplicaciones de modulaci\u00f3n<\/a><\/li>\n<\/ul>\n<\/li>\n<li id=\"menu-item-1696\" class=\"menu-item menu-item-type-post_type menu-item-object-page menu-item-1696\"><a href=\"https:\/\/controval.com\/es\/products\/industrial-automation\/\">Automatizaci\u00f3n Industrial<\/a><\/li>\n<li id=\"menu-item-1710\" class=\"menu-item menu-item-type-post_type menu-item-object-page menu-item-1710 translation-block\"><a href=\"https:\/\/controval.com\/es\/products\/rotating-equipment-monitoring-protection\/\" target=\"_self\">Monitoreo y protecci\u00f3n <br> de equipos rotativos\n<\/a><\/li>\n<li id=\"menu-item-1694\" class=\"menu-item menu-item-type-post_type menu-item-object-page menu-item-1694\"><a href=\"https:\/\/controval.com\/es\/products\/filtration\/\">Filtraci\u00f3n<\/a><\/li>\n<li id=\"menu-item-1711\" class=\"menu-item menu-item-type-post_type menu-item-object-page menu-item-has-children menu-item-1711\"><a href=\"https:\/\/controval.com\/es\/products\/services\/\">Servicios<\/a>\n<ul class=\"sub-menu\">\n\t<li id=\"menu-item-1894\" class=\"menu-item menu-item-type-post_type menu-item-object-page menu-item-1894\"><a href=\"https:\/\/controval.com\/es\/products\/services\/field-installation-and-commissioning\/\">Instalaci\u00f3n y puesta en servicio en campo<\/a><\/li>\n<\/ul>\n<\/li>\n<\/ul><\/div><\/div><\/div><\/div><\/div><\/div><div class=\"wpb_column vc_column_container vc_col-sm-4 vc_col-md-8\"><div class=\"vc_column-inner\"><div class=\"wpb_wrapper\"><h2 style=\"text-align: left\" class=\"vc_custom_heading vc_custom_1656726121114\" >Filtraci\u00f3n<\/h2><div class=\"vc_row wpb_row vc_inner vc_row-fluid\"><div class=\"wpb_column vc_column_container vc_col-sm-6\"><div class=\"vc_column-inner\"><div class=\"wpb_wrapper\">\n\t<div  class=\"wpb_single_image wpb_content_element vc_align_center\">\n\t\t\n\t\t<figure class=\"wpb_wrapper vc_figure\">\n\t\t\t<div class=\"vc_single_image-wrapper   vc_box_border_grey\"><img fetchpriority=\"high\" decoding=\"async\" width=\"600\" height=\"400\" src=\"https:\/\/controval.com\/wp-content\/uploads\/2022\/07\/amina-filtration.jpg\" class=\"vc_single_image-img attachment-full\" alt=\"\" title=\"amina-filtration\" srcset=\"https:\/\/controval.com\/wp-content\/uploads\/2022\/07\/amina-filtration.jpg 600w, https:\/\/controval.com\/wp-content\/uploads\/2022\/07\/amina-filtration-300x200.jpg 300w\" sizes=\"(max-width: 600px) 100vw, 600px\" \/><\/div>\n\t\t<\/figure>\n\t<\/div>\n<\/div><\/div><\/div><div class=\"wpb_column vc_column_container vc_col-sm-6\"><div class=\"vc_column-inner\"><div class=\"wpb_wrapper\">\n\t<div class=\"wpb_text_column wpb_content_element\" >\n\t\t<div class=\"wpb_wrapper\">\n\t\t\t<ul>\n<li>Sistema de tratamiento de aminas y glicol.<\/li>\n<li>Sistema de hidro-tratamiento.<\/li>\n<li>Filtraci\u00f3n de aceite lubricante, filtraci\u00f3n de combustible l\u00edquido o gaseoso.<\/li>\n<li>Pretratamiento de agua por intercambio I\u00f3nico y \u00d3smosis Inversa.<\/li>\n<li>Sistemas de proceso de agua potable.<\/li>\n<li>Sistema de filtraci\u00f3n desechable o de retro lavado.<\/li>\n<li>Sistemas L\u00edquido\/Gas y L\u00edquido\/L\u00edquido Coalescente.<\/li>\n<li>Taller aprobado para la fabricaci\u00f3n de recipientes con sello ASME I bajo la Secci\u00f3n VIII Div.1.<\/li>\n<\/ul>\n\n\t\t<\/div>\n\t<\/div>\n<\/div><\/div><\/div><\/div><\/div><\/div><\/div><\/div><\/div><\/section>","protected":false},"excerpt":{"rendered":"Flow Measurement Level Measurement Automated Valves Manual Valves Control Valves Instrumentation Field Devices &#038; Transmitters Analytical Instrumentation Safety Relief Valves Pneumatics &#038; Hydraulics Control Panels Solenoid &#038; Pilot Valves Pressure &#038; Vacuum Valves Limit switches for end of stroke Insulation for Equipment, Pipes and Instrumentation Fireproofing I\/P converters Positioners for modulating applications Industrial Automation Rotating [...]","protected":false},"author":1,"featured_media":0,"parent":1642,"menu_order":0,"comment_status":"closed","ping_status":"closed","template":"","meta":{"footnotes":""},"class_list":["post-1655","page","type-page","status-publish","hentry"],"_links":{"self":[{"href":"https:\/\/controval.com\/es\/wp-json\/wp\/v2\/pages\/1655","targetHints":{"allow":["GET"]}}],"collection":[{"href":"https:\/\/controval.com\/es\/wp-json\/wp\/v2\/pages"}],"about":[{"href":"https:\/\/controval.com\/es\/wp-json\/wp\/v2\/types\/page"}],"author":[{"embeddable":true,"href":"https:\/\/controval.com\/es\/wp-json\/wp\/v2\/users\/1"}],"replies":[{"embeddable":true,"href":"https:\/\/controval.com\/es\/wp-json\/wp\/v2\/comments?post=1655"}],"version-history":[{"count":2,"href":"https:\/\/controval.com\/es\/wp-json\/wp\/v2\/pages\/1655\/revisions"}],"predecessor-version":[{"id":1771,"href":"https:\/\/controval.com\/es\/wp-json\/wp\/v2\/pages\/1655\/revisions\/1771"}],"up":[{"embeddable":true,"href":"https:\/\/controval.com\/es\/wp-json\/wp\/v2\/pages\/1642"}],"wp:attachment":[{"href":"https:\/\/controval.com\/es\/wp-json\/wp\/v2\/media?parent=1655"}],"curies":[{"name":"wp","href":"https:\/\/api.w.org\/{rel}","templated":true}]}}