{"id":1651,"date":"2022-07-02T00:15:12","date_gmt":"2022-07-02T00:15:12","guid":{"rendered":"https:\/\/controval.solucionespm.net\/?page_id=1651"},"modified":"2022-08-03T22:57:25","modified_gmt":"2022-08-03T22:57:25","slug":"control-valves","status":"publish","type":"page","link":"https:\/\/controval.com\/es\/products\/control-valves\/","title":{"rendered":"V\u00e1lvulas de control"},"content":{"rendered":"<section class=\"wpb_row vc_row-fluid vc_custom_1542188489306\"><div class=\"container\"><div class=\"vc_row\"><div class=\"lg-right40 wpb_column vc_column_container vc_col-sm-8 vc_col-md-4\"><div class=\"vc_column-inner\"><div class=\"wpb_wrapper\"><div  class=\"vc_wp_custommenu wpb_content_element\"><div class=\"widget widget_nav_menu\"><div class=\"menu-productos-container\"><ul id=\"menu-productos\" class=\"menu\"><li id=\"menu-item-1695\" class=\"menu-item menu-item-type-post_type menu-item-object-page menu-item-1695\"><a href=\"https:\/\/controval.com\/es\/products\/flow-measurement\/\">Medici\u00f3n de Flujo<\/a><\/li>\n<li id=\"menu-item-1709\" class=\"menu-item menu-item-type-post_type menu-item-object-page menu-item-1709\"><a href=\"https:\/\/controval.com\/es\/products\/level-measurement\/\">Medici\u00f3n de nivel<\/a><\/li>\n<li id=\"menu-item-1691\" class=\"menu-item menu-item-type-post_type menu-item-object-page menu-item-1691\"><a href=\"https:\/\/controval.com\/es\/products\/automated-valves\/\">V\u00e1lvulas Automatizadas<\/a><\/li>\n<li id=\"menu-item-1692\" class=\"menu-item menu-item-type-post_type menu-item-object-page menu-item-1692\"><a href=\"https:\/\/controval.com\/es\/products\/automated-valves\/manual-valves\/\">V\u00e1lvulas manuales<\/a><\/li>\n<li id=\"menu-item-1693\" class=\"menu-item menu-item-type-post_type menu-item-object-page menu-item-1693\"><a href=\"https:\/\/controval.com\/es\/products\/control-valves\/\">V\u00e1lvulas de control<\/a><\/li>\n<li id=\"menu-item-1697\" class=\"menu-item menu-item-type-post_type menu-item-object-page menu-item-has-children menu-item-1697\"><a href=\"https:\/\/controval.com\/es\/products\/instrumentation\/\">Instrumentaci\u00f3n<\/a>\n<ul class=\"sub-menu\">\n\t<li id=\"menu-item-1706\" class=\"menu-item menu-item-type-post_type menu-item-object-page menu-item-1706\"><a href=\"https:\/\/controval.com\/es\/products\/instrumentation\/field-devices-transmitters\/\">Equipos de Campo y Transmisores<\/a><\/li>\n\t<li id=\"menu-item-1705\" class=\"menu-item menu-item-type-post_type menu-item-object-page menu-item-1705\"><a href=\"https:\/\/controval.com\/es\/products\/instrumentation\/analytical-instrumentation\/\">Instrumentaci\u00f3n Anal\u00edtica<\/a><\/li>\n\t<li id=\"menu-item-1708\" class=\"menu-item menu-item-type-post_type menu-item-object-page menu-item-1708\"><a href=\"https:\/\/controval.com\/es\/products\/instrumentation\/safety-relief-valves\/\">V\u00e1lvulas de Alivio de Presi\u00f3n (PRV)<\/a><\/li>\n\t<li id=\"menu-item-1707\" class=\"menu-item menu-item-type-post_type menu-item-object-page menu-item-1707\"><a href=\"https:\/\/controval.com\/es\/products\/instrumentation\/pneumatics-hydraulics-control-panels\/\">Pneumatics  & Hydraulics Control Panels<\/a><\/li>\n\t<li id=\"menu-item-1704\" class=\"menu-item menu-item-type-post_type menu-item-object-page menu-item-1704\"><a href=\"https:\/\/controval.com\/es\/products\/instrumentation\/accessories\/solenoid-pilot-valves\/\">V\u00e1lvulas Solenoides y Piloteadas<\/a><\/li>\n\t<li id=\"menu-item-1703\" class=\"menu-item menu-item-type-post_type menu-item-object-page menu-item-1703\"><a href=\"https:\/\/controval.com\/es\/products\/instrumentation\/accessories\/pressure-vacuum-valves\/\">Pressure & Vacuum Valves<\/a><\/li>\n\t<li id=\"menu-item-1701\" class=\"menu-item menu-item-type-post_type menu-item-object-page menu-item-1701\"><a href=\"https:\/\/controval.com\/es\/products\/instrumentation\/accessories\/limit-switches-for-end-of-stroke\/\">L\u00edmites de carrera<\/a><\/li>\n\t<li id=\"menu-item-1700\" class=\"menu-item menu-item-type-post_type menu-item-object-page menu-item-1700\"><a href=\"https:\/\/controval.com\/es\/products\/instrumentation\/accessories\/insulation-for-equipment-pipes-and-instrumentation\/\">Sistemas de Aislamiento T\u00e9rmico<\/a><\/li>\n\t<li id=\"menu-item-1852\" class=\"menu-item menu-item-type-post_type menu-item-object-page menu-item-1852\"><a href=\"https:\/\/controval.com\/es\/products\/instrumentation\/accessories\/fireproofing\/\">Contrafuego<\/a><\/li>\n\t<li id=\"menu-item-1699\" class=\"menu-item menu-item-type-post_type menu-item-object-page menu-item-1699\"><a href=\"https:\/\/controval.com\/es\/products\/instrumentation\/accessories\/i-p-converters\/\">Convertidores I\/P<\/a><\/li>\n\t<li id=\"menu-item-1702\" class=\"menu-item menu-item-type-post_type menu-item-object-page menu-item-1702\"><a href=\"https:\/\/controval.com\/es\/products\/instrumentation\/accessories\/positioners-for-modulating-applications\/\">Posicionadores en aplicaciones de modulaci\u00f3n<\/a><\/li>\n<\/ul>\n<\/li>\n<li id=\"menu-item-1696\" class=\"menu-item menu-item-type-post_type menu-item-object-page menu-item-1696\"><a href=\"https:\/\/controval.com\/es\/products\/industrial-automation\/\">Automatizaci\u00f3n Industrial<\/a><\/li>\n<li id=\"menu-item-1710\" class=\"menu-item menu-item-type-post_type menu-item-object-page menu-item-1710 translation-block\"><a href=\"https:\/\/controval.com\/es\/products\/rotating-equipment-monitoring-protection\/\" target=\"_self\">Monitoreo y protecci\u00f3n <br> de equipos rotativos\n<\/a><\/li>\n<li id=\"menu-item-1694\" class=\"menu-item menu-item-type-post_type menu-item-object-page menu-item-1694\"><a href=\"https:\/\/controval.com\/es\/products\/filtration\/\">Filtraci\u00f3n<\/a><\/li>\n<li id=\"menu-item-1711\" class=\"menu-item menu-item-type-post_type menu-item-object-page menu-item-has-children menu-item-1711\"><a href=\"https:\/\/controval.com\/es\/products\/services\/\">Servicios<\/a>\n<ul class=\"sub-menu\">\n\t<li id=\"menu-item-1894\" class=\"menu-item menu-item-type-post_type menu-item-object-page menu-item-1894\"><a href=\"https:\/\/controval.com\/es\/products\/services\/field-installation-and-commissioning\/\">Instalaci\u00f3n y puesta en servicio en campo<\/a><\/li>\n<\/ul>\n<\/li>\n<\/ul><\/div><\/div><\/div><\/div><\/div><\/div><div class=\"wpb_column vc_column_container vc_col-sm-4 vc_col-md-8\"><div class=\"vc_column-inner\"><div class=\"wpb_wrapper\"><h2 style=\"text-align: left\" class=\"vc_custom_heading vc_custom_1656724213884\" >V\u00e1lvulas de control<\/h2>\n\t<div class=\"wpb_text_column wpb_content_element\" >\n\t\t<div class=\"wpb_wrapper\">\n\t\t\t<p><img fetchpriority=\"high\" decoding=\"async\" class=\"size-medium wp-image-1750 alignleft\" src=\"https:\/\/controval.solucionespm.net\/wp-content\/uploads\/2022\/07\/control-valves-300x203.jpg\" alt=\"\" width=\"300\" height=\"203\" srcset=\"https:\/\/controval.com\/wp-content\/uploads\/2022\/07\/control-valves-300x203.jpg 300w, https:\/\/controval.com\/wp-content\/uploads\/2022\/07\/control-valves.jpg 400w\" sizes=\"(max-width: 300px) 100vw, 300px\" \/>El control de un proceso siempre requerir\u00e1 v\u00e1lvulas de control para el manejo de los fluidos. Es extensa la diversidad de configuraciones para definir a una v\u00e1lvula de control. Los datos del proceso son requeridos para realizar la selecci\u00f3n correcta de v\u00e1lvula, el actuador y sus controles.<\/p>\n<p>Controval engineering team perform proper control valve specification, printing out the valve data report that include among others, type, size, trim, material, actuator, flow, pressure in and out, to match with customer\u2019s process.<\/p>\n<p>Nuestra experiencia incluye v\u00e1lvulas tipo globo, bola y mariposa, automatizadas con actuadores neum\u00e1ticos o el\u00e9ctricos, posicionadores, dispositivo de prueba de carrera seg\u00fan corresponda.<\/p>\n<p>Controval ofrece v\u00e1lvulas de control con asiento de metal, asiento blando o asiento de metal con acabado lapeado, m\u00faltiples opciones de intercambiabilidad de piezas que ofrecen una mayor flexibilidad para cumplir con una amplia gama de aplicaciones, servicio limpio o servicio duro corrosivo\/erosivo profundo.<\/p>\n<p>Controval, su socio adecuado para dimensionar sus aplicaciones de v\u00e1lvulas de control.<\/p>\n\n\t\t<\/div>\n\t<\/div>\n<\/div><\/div><\/div><\/div><\/div><\/section>","protected":false},"excerpt":{"rendered":"Flow Measurement Level Measurement Automated Valves Manual Valves Control Valves Instrumentation Field Devices &#038; Transmitters Analytical Instrumentation Safety Relief Valves Pneumatics &#038; Hydraulics Control Panels Solenoid &#038; Pilot Valves Pressure &#038; Vacuum Valves Limit switches for end of stroke Insulation for Equipment, Pipes and Instrumentation Fireproofing I\/P converters Positioners for modulating applications Industrial Automation Rotating [...]","protected":false},"author":1,"featured_media":0,"parent":1642,"menu_order":0,"comment_status":"closed","ping_status":"closed","template":"","meta":{"footnotes":""},"class_list":["post-1651","page","type-page","status-publish","hentry"],"_links":{"self":[{"href":"https:\/\/controval.com\/es\/wp-json\/wp\/v2\/pages\/1651","targetHints":{"allow":["GET"]}}],"collection":[{"href":"https:\/\/controval.com\/es\/wp-json\/wp\/v2\/pages"}],"about":[{"href":"https:\/\/controval.com\/es\/wp-json\/wp\/v2\/types\/page"}],"author":[{"embeddable":true,"href":"https:\/\/controval.com\/es\/wp-json\/wp\/v2\/users\/1"}],"replies":[{"embeddable":true,"href":"https:\/\/controval.com\/es\/wp-json\/wp\/v2\/comments?post=1651"}],"version-history":[{"count":4,"href":"https:\/\/controval.com\/es\/wp-json\/wp\/v2\/pages\/1651\/revisions"}],"predecessor-version":[{"id":2063,"href":"https:\/\/controval.com\/es\/wp-json\/wp\/v2\/pages\/1651\/revisions\/2063"}],"up":[{"embeddable":true,"href":"https:\/\/controval.com\/es\/wp-json\/wp\/v2\/pages\/1642"}],"wp:attachment":[{"href":"https:\/\/controval.com\/es\/wp-json\/wp\/v2\/media?parent=1651"}],"curies":[{"name":"wp","href":"https:\/\/api.w.org\/{rel}","templated":true}]}}