{"id":1649,"date":"2022-07-02T00:14:56","date_gmt":"2022-07-02T00:14:56","guid":{"rendered":"https:\/\/controval.solucionespm.net\/?page_id=1649"},"modified":"2022-07-25T18:47:28","modified_gmt":"2022-07-25T18:47:28","slug":"automated-valves","status":"publish","type":"page","link":"https:\/\/controval.com\/es\/products\/automated-valves\/","title":{"rendered":"V\u00e1lvulas Automatizadas"},"content":{"rendered":"<section class=\"wpb_row vc_row-fluid vc_custom_1542188489306\"><div class=\"container\"><div class=\"vc_row\"><div class=\"lg-right40 wpb_column vc_column_container vc_col-sm-8 vc_col-md-4\"><div class=\"vc_column-inner\"><div class=\"wpb_wrapper\"><div  class=\"vc_wp_custommenu wpb_content_element\"><div class=\"widget widget_nav_menu\"><div class=\"menu-productos-container\"><ul id=\"menu-productos\" class=\"menu\"><li id=\"menu-item-1695\" class=\"menu-item menu-item-type-post_type menu-item-object-page menu-item-1695\"><a href=\"https:\/\/controval.com\/es\/products\/flow-measurement\/\">Medici\u00f3n de Flujo<\/a><\/li>\n<li id=\"menu-item-1709\" class=\"menu-item menu-item-type-post_type menu-item-object-page menu-item-1709\"><a href=\"https:\/\/controval.com\/es\/products\/level-measurement\/\">Medici\u00f3n de nivel<\/a><\/li>\n<li id=\"menu-item-1691\" class=\"menu-item menu-item-type-post_type menu-item-object-page menu-item-1691\"><a href=\"https:\/\/controval.com\/es\/products\/automated-valves\/\">V\u00e1lvulas Automatizadas<\/a><\/li>\n<li id=\"menu-item-1692\" class=\"menu-item menu-item-type-post_type menu-item-object-page menu-item-1692\"><a href=\"https:\/\/controval.com\/es\/products\/automated-valves\/manual-valves\/\">V\u00e1lvulas manuales<\/a><\/li>\n<li id=\"menu-item-1693\" class=\"menu-item menu-item-type-post_type menu-item-object-page menu-item-1693\"><a href=\"https:\/\/controval.com\/es\/products\/control-valves\/\">V\u00e1lvulas de control<\/a><\/li>\n<li id=\"menu-item-1697\" class=\"menu-item menu-item-type-post_type menu-item-object-page menu-item-has-children menu-item-1697\"><a href=\"https:\/\/controval.com\/es\/products\/instrumentation\/\">Instrumentaci\u00f3n<\/a>\n<ul class=\"sub-menu\">\n\t<li id=\"menu-item-1706\" class=\"menu-item menu-item-type-post_type menu-item-object-page menu-item-1706\"><a href=\"https:\/\/controval.com\/es\/products\/instrumentation\/field-devices-transmitters\/\">Equipos de Campo y Transmisores<\/a><\/li>\n\t<li id=\"menu-item-1705\" class=\"menu-item menu-item-type-post_type menu-item-object-page menu-item-1705\"><a href=\"https:\/\/controval.com\/es\/products\/instrumentation\/analytical-instrumentation\/\">Instrumentaci\u00f3n Anal\u00edtica<\/a><\/li>\n\t<li id=\"menu-item-1708\" class=\"menu-item menu-item-type-post_type menu-item-object-page menu-item-1708\"><a href=\"https:\/\/controval.com\/es\/products\/instrumentation\/safety-relief-valves\/\">V\u00e1lvulas de Alivio de Presi\u00f3n (PRV)<\/a><\/li>\n\t<li id=\"menu-item-1707\" class=\"menu-item menu-item-type-post_type menu-item-object-page menu-item-1707\"><a href=\"https:\/\/controval.com\/es\/products\/instrumentation\/pneumatics-hydraulics-control-panels\/\">Paneles de Control<\/a><\/li>\n\t<li id=\"menu-item-1704\" class=\"menu-item menu-item-type-post_type menu-item-object-page menu-item-1704\"><a href=\"https:\/\/controval.com\/es\/products\/instrumentation\/accessories\/solenoid-pilot-valves\/\">V\u00e1lvulas Solenoides y Piloteadas<\/a><\/li>\n\t<li id=\"menu-item-1703\" class=\"menu-item menu-item-type-post_type menu-item-object-page menu-item-1703\"><a href=\"https:\/\/controval.com\/es\/products\/instrumentation\/accessories\/pressure-vacuum-valves\/\">V\u00e1lvulas de Presi\u00f3n y Vac\u00edo<\/a><\/li>\n\t<li id=\"menu-item-1701\" class=\"menu-item menu-item-type-post_type menu-item-object-page menu-item-1701\"><a href=\"https:\/\/controval.com\/es\/products\/instrumentation\/accessories\/limit-switches-for-end-of-stroke\/\">L\u00edmites de carrera<\/a><\/li>\n\t<li id=\"menu-item-1700\" class=\"menu-item menu-item-type-post_type menu-item-object-page menu-item-1700\"><a href=\"https:\/\/controval.com\/es\/products\/instrumentation\/accessories\/insulation-for-equipment-pipes-and-instrumentation\/\">Sistemas de Aislamiento T\u00e9rmico<\/a><\/li>\n\t<li id=\"menu-item-1852\" class=\"menu-item menu-item-type-post_type menu-item-object-page menu-item-1852\"><a href=\"https:\/\/controval.com\/es\/products\/instrumentation\/accessories\/fireproofing\/\">Contrafuego<\/a><\/li>\n\t<li id=\"menu-item-1699\" class=\"menu-item menu-item-type-post_type menu-item-object-page menu-item-1699\"><a href=\"https:\/\/controval.com\/es\/products\/instrumentation\/accessories\/i-p-converters\/\">Convertidores I\/P<\/a><\/li>\n\t<li id=\"menu-item-1702\" class=\"menu-item menu-item-type-post_type menu-item-object-page menu-item-1702\"><a href=\"https:\/\/controval.com\/es\/products\/instrumentation\/accessories\/positioners-for-modulating-applications\/\">Posicionadores en aplicaciones de modulaci\u00f3n<\/a><\/li>\n<\/ul>\n<\/li>\n<li id=\"menu-item-1696\" class=\"menu-item menu-item-type-post_type menu-item-object-page menu-item-1696\"><a href=\"https:\/\/controval.com\/es\/products\/industrial-automation\/\">Automatizaci\u00f3n Industrial<\/a><\/li>\n<li id=\"menu-item-1710\" class=\"menu-item menu-item-type-post_type menu-item-object-page menu-item-1710 translation-block\"><a href=\"https:\/\/controval.com\/es\/products\/rotating-equipment-monitoring-protection\/\" target=\"_self\">Monitoreo y protecci\u00f3n <br> de equipos rotativos\n<\/a><\/li>\n<li id=\"menu-item-1694\" class=\"menu-item menu-item-type-post_type menu-item-object-page menu-item-1694\"><a href=\"https:\/\/controval.com\/es\/products\/filtration\/\">Filtraci\u00f3n<\/a><\/li>\n<li id=\"menu-item-1711\" class=\"menu-item menu-item-type-post_type menu-item-object-page menu-item-has-children menu-item-1711\"><a href=\"https:\/\/controval.com\/es\/products\/services\/\">Servicios<\/a>\n<ul class=\"sub-menu\">\n\t<li id=\"menu-item-1894\" class=\"menu-item menu-item-type-post_type menu-item-object-page menu-item-1894\"><a href=\"https:\/\/controval.com\/es\/products\/services\/field-installation-and-commissioning\/\">Instalaci\u00f3n y puesta en servicio en campo<\/a><\/li>\n<\/ul>\n<\/li>\n<\/ul><\/div><\/div><\/div><\/div><\/div><\/div><div class=\"wpb_column vc_column_container vc_col-sm-4 vc_col-md-8\"><div class=\"vc_column-inner\"><div class=\"wpb_wrapper\"><h2 style=\"text-align: left\" class=\"vc_custom_heading vc_custom_1658774846836\" >V\u00e1lvulas Automatizadas<\/h2>\n\t<div class=\"wpb_text_column wpb_content_element\" >\n\t\t<div class=\"wpb_wrapper\">\n\t\t\t<p><img fetchpriority=\"high\" decoding=\"async\" class=\"size-medium wp-image-1746 alignleft\" src=\"https:\/\/controval.solucionespm.net\/wp-content\/uploads\/2022\/07\/products-actuated-300x203.jpg\" alt=\"\" width=\"300\" height=\"203\" srcset=\"https:\/\/controval.com\/wp-content\/uploads\/2022\/07\/products-actuated-300x203.jpg 300w, https:\/\/controval.com\/wp-content\/uploads\/2022\/07\/products-actuated.jpg 400w\" sizes=\"(max-width: 300px) 100vw, 300px\" \/><\/p>\n<p>Controval, se asocia con fabricantes mundialmente reconocidos de v\u00e1lvulas y actuadores, junto con nuestra experiencia, nos permite seleccionar y especificar la soluci\u00f3n correcta para todas las necesidades de nuestros clientes. Esta asociaci\u00f3n crea un valor adicional para nuestros clientes que reciben una soluci\u00f3n de alta calidad para sus necesidades en cuanto a aplicaciones de apertura \/ cierre \/ modulaci\u00f3n y control de flujo de aire, l\u00edquido, gas y petr\u00f3leo crudo, que son transportados por l\u00edneas de proceso con una amplia gama de v\u00e1lvulas de cuarto de vuelta (v\u00e1lvulas de bola, v\u00e1lvulas de tap\u00f3n y v\u00e1lvulas de mariposa) y v\u00e1lvulas multivueltas (v\u00e1lvulas de compuerta, v\u00e1lvulas de globo, v\u00e1lvulas de cuchilla) automatizadas mediante actuadores el\u00e9ctricos, neum\u00e1ticos de baja presi\u00f3n, hidr\u00e1ulicos de aceite a gas de alta presi\u00f3n, gas directo o electrohidr\u00e1ulicos.<\/p>\n<p>Los paquetes v\u00e1lvula-actuador se ensamblan y prueban como una unidad completamente operativa con sus paneles de control: el\u00e9ctricos, neum\u00e1ticos o electrohidr\u00e1ulicos, as\u00ed como otros dispositivos tales como detectores de rotura de l\u00ednea, dispositivos de prueba parcial de recorrido, unidades de potencia hidr\u00e1ulica, v\u00e1lvulas reguladoras de velocidad, tanques de almacenamiento, indicadores de posici\u00f3n, dispositivos de posicionamiento de v\u00e1lvulas y otros.<\/p>\n<p>Existen diferentes tipos de paquetes de actuadores de v\u00e1lvulas seg\u00fan su funcionalidad:<\/p>\n<ul>\n<li>V\u00e1lvula de cierre (SDV)<\/li>\n<li>V\u00e1lvula de soplado (BDV)<\/li>\n<li>V\u00e1lvulas ON \/ OFF<\/li>\n<li>V\u00e1lvulas de control<\/li>\n<li>V\u00e1lvulas de control de presi\u00f3n (PCV)<\/li>\n<li>V\u00e1lvulas de control de nivel (LCV)<\/li>\n<li>V\u00e1lvulas de control de flujo (FCV)<\/li>\n<\/ul>\n<p>Controval tiene la experiencia y los conocimientos necesarios para ayudar a sus clientes a especificar el tipo de v\u00e1lvula-actuador adecuado para cada aplicaci\u00f3n.<\/p>\n<p>Controval ofrece una amplia gama de v\u00e1lvulas accionadas tales como: Neum\u00e1ticas de baja presi\u00f3n, con o sin controles. Paneles de control el\u00e9ctricos o paneles de control neum\u00e1ticos. Actuadores neum\u00e1ticos de alta presi\u00f3n: actuadores de gas directo y gas sobre aceite para aplicaciones lineales y de cuarto de vuelta. Actuadores el\u00e9ctricos con controles est\u00e1ndar o controles de comunicaci\u00f3n digital como Profibus, Modbus y otros para aplicaciones multivueltas o \u00bc de vuelta. Actuadores electrohidr\u00e1ulicos. Actuadores hidr\u00e1ulicos y centrales hidr\u00e1ulicas de potencia.<\/p>\n<p>Controval ofrece la instalaci\u00f3n de actuadores de v\u00e1lvulas ya sea en nuestras instalaciones o en las instalaciones de los clientes.<\/p>\n<p>Controval ofrece mantenimiento y servicios para la gama completa de productos y soluciones. Controval tambi\u00e9n ofrece capacitaci\u00f3n para el personal del cliente, as\u00ed como contratos anuales de mantenimiento.<\/p>\n\n\t\t<\/div>\n\t<\/div>\n<\/div><\/div><\/div><\/div><\/div><\/section>","protected":false},"excerpt":{"rendered":"Flow Measurement Level Measurement Automated Valves Manual Valves Control Valves Instrumentation Field Devices &#038; Transmitters Analytical Instrumentation Safety Relief Valves Pneumatics &#038; Hydraulics Control Panels Solenoid &#038; Pilot Valves Pressure &#038; Vacuum Valves Limit switches for end of stroke Insulation for Equipment, Pipes and Instrumentation Fireproofing I\/P converters Positioners for modulating applications Industrial Automation Rotating [...]","protected":false},"author":1,"featured_media":0,"parent":1642,"menu_order":0,"comment_status":"closed","ping_status":"closed","template":"","meta":{"footnotes":""},"class_list":["post-1649","page","type-page","status-publish","hentry"],"_links":{"self":[{"href":"https:\/\/controval.com\/es\/wp-json\/wp\/v2\/pages\/1649","targetHints":{"allow":["GET"]}}],"collection":[{"href":"https:\/\/controval.com\/es\/wp-json\/wp\/v2\/pages"}],"about":[{"href":"https:\/\/controval.com\/es\/wp-json\/wp\/v2\/types\/page"}],"author":[{"embeddable":true,"href":"https:\/\/controval.com\/es\/wp-json\/wp\/v2\/users\/1"}],"replies":[{"embeddable":true,"href":"https:\/\/controval.com\/es\/wp-json\/wp\/v2\/comments?post=1649"}],"version-history":[{"count":4,"href":"https:\/\/controval.com\/es\/wp-json\/wp\/v2\/pages\/1649\/revisions"}],"predecessor-version":[{"id":1920,"href":"https:\/\/controval.com\/es\/wp-json\/wp\/v2\/pages\/1649\/revisions\/1920"}],"up":[{"embeddable":true,"href":"https:\/\/controval.com\/es\/wp-json\/wp\/v2\/pages\/1642"}],"wp:attachment":[{"href":"https:\/\/controval.com\/es\/wp-json\/wp\/v2\/media?parent=1649"}],"curies":[{"name":"wp","href":"https:\/\/api.w.org\/{rel}","templated":true}]}}