{"id":1648,"date":"2022-07-02T00:14:44","date_gmt":"2022-07-02T00:14:44","guid":{"rendered":"https:\/\/controval.solucionespm.net\/?page_id=1648"},"modified":"2022-07-25T17:37:04","modified_gmt":"2022-07-25T17:37:04","slug":"level-measurement","status":"publish","type":"page","link":"https:\/\/controval.com\/es\/products\/level-measurement\/","title":{"rendered":"Medici\u00f3n de nivel"},"content":{"rendered":"<section class=\"wpb_row vc_row-fluid vc_custom_1542188489306\"><div class=\"container\"><div class=\"vc_row\"><div class=\"lg-right40 wpb_column vc_column_container vc_col-sm-8 vc_col-md-4\"><div class=\"vc_column-inner\"><div class=\"wpb_wrapper\"><div  class=\"vc_wp_custommenu wpb_content_element\"><div class=\"widget widget_nav_menu\"><div class=\"menu-productos-container\"><ul id=\"menu-productos\" class=\"menu\"><li id=\"menu-item-1695\" class=\"menu-item menu-item-type-post_type menu-item-object-page menu-item-1695\"><a href=\"https:\/\/controval.com\/es\/products\/flow-measurement\/\">Medici\u00f3n de Flujo<\/a><\/li>\n<li id=\"menu-item-1709\" class=\"menu-item menu-item-type-post_type menu-item-object-page menu-item-1709\"><a href=\"https:\/\/controval.com\/es\/products\/level-measurement\/\">Medici\u00f3n de nivel<\/a><\/li>\n<li id=\"menu-item-1691\" class=\"menu-item menu-item-type-post_type menu-item-object-page menu-item-1691\"><a href=\"https:\/\/controval.com\/es\/products\/automated-valves\/\">V\u00e1lvulas Automatizadas<\/a><\/li>\n<li id=\"menu-item-1692\" class=\"menu-item menu-item-type-post_type menu-item-object-page menu-item-1692\"><a href=\"https:\/\/controval.com\/es\/products\/automated-valves\/manual-valves\/\">V\u00e1lvulas manuales<\/a><\/li>\n<li id=\"menu-item-1693\" class=\"menu-item menu-item-type-post_type menu-item-object-page menu-item-1693\"><a href=\"https:\/\/controval.com\/es\/products\/control-valves\/\">V\u00e1lvulas de control<\/a><\/li>\n<li id=\"menu-item-1697\" class=\"menu-item menu-item-type-post_type menu-item-object-page menu-item-has-children menu-item-1697\"><a href=\"https:\/\/controval.com\/es\/products\/instrumentation\/\">Instrumentaci\u00f3n<\/a>\n<ul class=\"sub-menu\">\n\t<li id=\"menu-item-1706\" class=\"menu-item menu-item-type-post_type menu-item-object-page menu-item-1706\"><a href=\"https:\/\/controval.com\/es\/products\/instrumentation\/field-devices-transmitters\/\">Equipos de Campo y Transmisores<\/a><\/li>\n\t<li id=\"menu-item-1705\" class=\"menu-item menu-item-type-post_type menu-item-object-page menu-item-1705\"><a href=\"https:\/\/controval.com\/es\/products\/instrumentation\/analytical-instrumentation\/\">Instrumentaci\u00f3n Anal\u00edtica<\/a><\/li>\n\t<li id=\"menu-item-1708\" class=\"menu-item menu-item-type-post_type menu-item-object-page menu-item-1708\"><a href=\"https:\/\/controval.com\/es\/products\/instrumentation\/safety-relief-valves\/\">V\u00e1lvulas de Alivio de Presi\u00f3n (PRV)<\/a><\/li>\n\t<li id=\"menu-item-1707\" class=\"menu-item menu-item-type-post_type menu-item-object-page menu-item-1707\"><a href=\"https:\/\/controval.com\/es\/products\/instrumentation\/pneumatics-hydraulics-control-panels\/\">Pneumatics  & Hydraulics Control Panels<\/a><\/li>\n\t<li id=\"menu-item-1704\" class=\"menu-item menu-item-type-post_type menu-item-object-page menu-item-1704\"><a href=\"https:\/\/controval.com\/es\/products\/instrumentation\/accessories\/solenoid-pilot-valves\/\">V\u00e1lvulas Solenoides y Piloteadas<\/a><\/li>\n\t<li id=\"menu-item-1703\" class=\"menu-item menu-item-type-post_type menu-item-object-page menu-item-1703\"><a href=\"https:\/\/controval.com\/es\/products\/instrumentation\/accessories\/pressure-vacuum-valves\/\">Pressure & Vacuum Valves<\/a><\/li>\n\t<li id=\"menu-item-1701\" class=\"menu-item menu-item-type-post_type menu-item-object-page menu-item-1701\"><a href=\"https:\/\/controval.com\/es\/products\/instrumentation\/accessories\/limit-switches-for-end-of-stroke\/\">L\u00edmites de carrera<\/a><\/li>\n\t<li id=\"menu-item-1700\" class=\"menu-item menu-item-type-post_type menu-item-object-page menu-item-1700\"><a href=\"https:\/\/controval.com\/es\/products\/instrumentation\/accessories\/insulation-for-equipment-pipes-and-instrumentation\/\">Sistemas de Aislamiento T\u00e9rmico<\/a><\/li>\n\t<li id=\"menu-item-1852\" class=\"menu-item menu-item-type-post_type menu-item-object-page menu-item-1852\"><a href=\"https:\/\/controval.com\/es\/products\/instrumentation\/accessories\/fireproofing\/\">Contrafuego<\/a><\/li>\n\t<li id=\"menu-item-1699\" class=\"menu-item menu-item-type-post_type menu-item-object-page menu-item-1699\"><a href=\"https:\/\/controval.com\/es\/products\/instrumentation\/accessories\/i-p-converters\/\">Convertidores I\/P<\/a><\/li>\n\t<li id=\"menu-item-1702\" class=\"menu-item menu-item-type-post_type menu-item-object-page menu-item-1702\"><a href=\"https:\/\/controval.com\/es\/products\/instrumentation\/accessories\/positioners-for-modulating-applications\/\">Posicionadores en aplicaciones de modulaci\u00f3n<\/a><\/li>\n<\/ul>\n<\/li>\n<li id=\"menu-item-1696\" class=\"menu-item menu-item-type-post_type menu-item-object-page menu-item-1696\"><a href=\"https:\/\/controval.com\/es\/products\/industrial-automation\/\">Automatizaci\u00f3n Industrial<\/a><\/li>\n<li id=\"menu-item-1710\" class=\"menu-item menu-item-type-post_type menu-item-object-page menu-item-1710 translation-block\"><a href=\"https:\/\/controval.com\/es\/products\/rotating-equipment-monitoring-protection\/\" target=\"_self\">Monitoreo y protecci\u00f3n <br> de equipos rotativos\n<\/a><\/li>\n<li id=\"menu-item-1694\" class=\"menu-item menu-item-type-post_type menu-item-object-page menu-item-1694\"><a href=\"https:\/\/controval.com\/es\/products\/filtration\/\">Filtraci\u00f3n<\/a><\/li>\n<li id=\"menu-item-1711\" class=\"menu-item menu-item-type-post_type menu-item-object-page menu-item-has-children menu-item-1711\"><a href=\"https:\/\/controval.com\/es\/products\/services\/\">Servicios<\/a>\n<ul class=\"sub-menu\">\n\t<li id=\"menu-item-1894\" class=\"menu-item menu-item-type-post_type menu-item-object-page menu-item-1894\"><a href=\"https:\/\/controval.com\/es\/products\/services\/field-installation-and-commissioning\/\">Instalaci\u00f3n y puesta en servicio en campo<\/a><\/li>\n<\/ul>\n<\/li>\n<\/ul><\/div><\/div><\/div><\/div><\/div><\/div><div class=\"wpb_column vc_column_container vc_col-sm-4 vc_col-md-8\"><div class=\"vc_column-inner\"><div class=\"wpb_wrapper\"><h2 style=\"text-align: left\" class=\"vc_custom_heading vc_custom_1657770483895\" >Medici\u00f3n de nivel<\/h2>\n\t<div class=\"wpb_text_column wpb_content_element\" >\n\t\t<div class=\"wpb_wrapper\">\n\t\t\t<p style=\"text-align: justify;\"><img fetchpriority=\"high\" decoding=\"async\" class=\"size-medium wp-image-1843 alignleft\" src=\"https:\/\/controval.solucionespm.net\/wp-content\/uploads\/2022\/07\/bbbbbb-219x300.png\" alt=\"\" width=\"219\" height=\"300\" srcset=\"https:\/\/controval.com\/wp-content\/uploads\/2022\/07\/bbbbbb-219x300.png 219w, https:\/\/controval.com\/wp-content\/uploads\/2022\/07\/bbbbbb.png 369w\" sizes=\"(max-width: 219px) 100vw, 219px\" \/>El nivel de l\u00edquido o s\u00f3lidos dentro de un recipiente o en un canal abierto se mide mediante dispositivos especializados que han sido seleccionados e instalados adecuadamente para el servicio. El nivel se mide en dos escenarios principales: nivel  continuo o medici\u00f3n de nivel de discreto o puntual.  Se han desarrollado t\u00e9cnicas y hoy en d\u00eda podemos seleccionar entre una variedad de opciones.  Cada tipo de medidor de nivel tiene sus propias caracter\u00edsticas que llevaron a los ingenieros a seleccionar el adecuado para cada aplicaci\u00f3n. Los datos de proceso son necesarios para realizar la selecci\u00f3n del instrumento de nivel.<\/p>\n<p style=\"text-align: justify;\">Controval se ha asociado con fabricantes de medidores de nivel reconocidos en todo el mundo. Esta asociaci\u00f3n crea un valor adicional para nuestros clientes que reciben una soluci\u00f3n de alta calidad para su medici\u00f3n de nivel y aplicaciones para el control de nivel.<\/p>\n<p style=\"text-align: justify;\">Los medidores de nivel se basan en diferentes principios de f\u00edsica,<\/p>\n<p style=\"text-align: justify;\"><img decoding=\"async\" class=\"alignleft wp-image-1842\" src=\"https:\/\/controval.solucionespm.net\/wp-content\/uploads\/2022\/07\/bbbb.png\" alt=\"\" width=\"100\" height=\"242\" \/><\/p>\n<ul style=\"text-align: justify;\">\n<li style=\"list-style-type: none;\">\n<ul>\n<li>Flotabilidad<\/li>\n<li>Presi\u00f3n diferencial<\/li>\n<li>Capacitivo<\/li>\n<li>Ultasonic \u2013 Contact and No contact devices<\/li>\n<li>Magneto-restrictive<\/li>\n<li>Radar<\/li>\n<li>Nuclear<\/li>\n<\/ul>\n<\/li>\n<\/ul>\n\n\t\t<\/div>\n\t<\/div>\n<\/div><\/div><\/div><\/div><\/div><\/section>","protected":false},"excerpt":{"rendered":"Flow Measurement Level Measurement Automated Valves Manual Valves Control Valves Instrumentation Field Devices &#038; Transmitters Analytical Instrumentation Safety Relief Valves Pneumatics &#038; Hydraulics Control Panels Solenoid &#038; Pilot Valves Pressure &#038; Vacuum Valves Limit switches for end of stroke Insulation for Equipment, Pipes and Instrumentation Fireproofing I\/P converters Positioners for modulating applications Industrial Automation Rotating [...]","protected":false},"author":1,"featured_media":0,"parent":1642,"menu_order":0,"comment_status":"closed","ping_status":"closed","template":"","meta":{"footnotes":""},"class_list":["post-1648","page","type-page","status-publish","hentry"],"_links":{"self":[{"href":"https:\/\/controval.com\/es\/wp-json\/wp\/v2\/pages\/1648","targetHints":{"allow":["GET"]}}],"collection":[{"href":"https:\/\/controval.com\/es\/wp-json\/wp\/v2\/pages"}],"about":[{"href":"https:\/\/controval.com\/es\/wp-json\/wp\/v2\/types\/page"}],"author":[{"embeddable":true,"href":"https:\/\/controval.com\/es\/wp-json\/wp\/v2\/users\/1"}],"replies":[{"embeddable":true,"href":"https:\/\/controval.com\/es\/wp-json\/wp\/v2\/comments?post=1648"}],"version-history":[{"count":4,"href":"https:\/\/controval.com\/es\/wp-json\/wp\/v2\/pages\/1648\/revisions"}],"predecessor-version":[{"id":1906,"href":"https:\/\/controval.com\/es\/wp-json\/wp\/v2\/pages\/1648\/revisions\/1906"}],"up":[{"embeddable":true,"href":"https:\/\/controval.com\/es\/wp-json\/wp\/v2\/pages\/1642"}],"wp:attachment":[{"href":"https:\/\/controval.com\/es\/wp-json\/wp\/v2\/media?parent=1648"}],"curies":[{"name":"wp","href":"https:\/\/api.w.org\/{rel}","templated":true}]}}