{"id":1260,"date":"2022-06-23T04:09:52","date_gmt":"2022-06-23T04:09:52","guid":{"rendered":"https:\/\/controval.solucionespm.net\/?page_id=1260"},"modified":"2022-08-04T13:12:54","modified_gmt":"2022-08-04T13:12:54","slug":"lube-oil-skid","status":"publish","type":"page","link":"https:\/\/controval.com\/es\/skids\/lube-oil-skid\/","title":{"rendered":"Skid de aceite lubricante"},"content":{"rendered":"<section class=\"wpb_row vc_row-fluid vc_custom_1542188489306\"><div class=\"container\"><div class=\"vc_row\"><div class=\"lg-right40 wpb_column vc_column_container vc_col-sm-12 vc_col-md-4\"><div class=\"vc_column-inner\"><div class=\"wpb_wrapper\"><div  class=\"vc_wp_custommenu wpb_content_element\"><div class=\"widget widget_nav_menu\"><div class=\"menu-skids-container\"><ul id=\"menu-skids\" class=\"menu\"><li id=\"menu-item-1296\" class=\"menu-item menu-item-type-post_type menu-item-object-page menu-item-1296\"><a href=\"https:\/\/controval.com\/es\/skids\/lact-units\/\">Unidades LACT<\/a><\/li>\n<li id=\"menu-item-1293\" class=\"menu-item menu-item-type-post_type menu-item-object-page menu-item-1293\"><a href=\"https:\/\/controval.com\/es\/skids\/chemical-injection-skid\/\">Skid de Inyecci\u00f3n de Qu\u00edmicos<\/a><\/li>\n<li id=\"menu-item-1294\" class=\"menu-item menu-item-type-post_type menu-item-object-page menu-item-1294\"><a href=\"https:\/\/controval.com\/es\/skids\/fuel-gas-conditioning-skid\/\">Paquetes de Acondicionamiento de Gas Combustible<\/a><\/li>\n<li id=\"menu-item-1298\" class=\"menu-item menu-item-type-post_type menu-item-object-page menu-item-1298\"><a href=\"https:\/\/controval.com\/es\/skids\/pig-traps-launcher-receiver\/\">Trampas de Env\u00edo y Recibo<\/a><\/li>\n<li id=\"menu-item-1300\" class=\"menu-item menu-item-type-post_type menu-item-object-page menu-item-1300\"><a href=\"https:\/\/controval.com\/es\/skids\/surge-relief-skid\/\">Skid de Golpe de Ariete<\/a><\/li>\n<li id=\"menu-item-1297\" class=\"menu-item menu-item-type-post_type menu-item-object-page menu-item-1297\"><a href=\"https:\/\/controval.com\/es\/skids\/lube-oil-skid\/\">Skid de aceite lubricante<\/a><\/li>\n<li id=\"menu-item-1301\" class=\"menu-item menu-item-type-post_type menu-item-object-page menu-item-1301\"><a href=\"https:\/\/controval.com\/es\/skids\/test-separators\/\">Separadores de Prueba<\/a><\/li>\n<li id=\"menu-item-1299\" class=\"menu-item menu-item-type-post_type menu-item-object-page menu-item-1299\"><a href=\"https:\/\/controval.com\/es\/skids\/sampling-skid\/\">Skid de Calidad<\/a><\/li>\n<li id=\"menu-item-1295\" class=\"menu-item menu-item-type-post_type menu-item-object-page menu-item-1295\"><a href=\"https:\/\/controval.com\/es\/skids\/hydraulic-power-units-hpu\/\">Unidades de potencia hidr\u00e1ulica (HPU)<\/a><\/li>\n<li id=\"menu-item-1292\" class=\"menu-item menu-item-type-post_type menu-item-object-page menu-item-1292\"><a href=\"https:\/\/controval.com\/es\/skids\/boiler-regulation-package\/\">Skid de Regulaci\u00f3n de Gas Combustible para Calderas<\/a><\/li>\n<li id=\"menu-item-1302\" class=\"menu-item menu-item-type-post_type menu-item-object-page menu-item-1302\"><a href=\"https:\/\/controval.com\/es\/skids\/water-treatment-skid\/\">Skid de tratamiento de agua<\/a><\/li>\n<\/ul><\/div><\/div><\/div><\/div><\/div><\/div><div class=\"wpb_column vc_column_container vc_col-sm-12 vc_col-md-8\"><div class=\"vc_column-inner\"><div class=\"wpb_wrapper\"><h2 style=\"text-align: left\" class=\"vc_custom_heading vc_custom_1655959865404\" >Skid de aceite lubricante<\/h2>\n\t<div class=\"wpb_text_column wpb_content_element\" >\n\t\t<div class=\"wpb_wrapper\">\n\t\t\t<p><span style=\"font-weight: 400;\">El skid de aceite lubricante est\u00e1 dise\u00f1ado bajo estrictos est\u00e1ndares para mantener las condiciones f\u00edsicas del aceite lubricante como humedad, viscosidad, presi\u00f3n, temperatura y otras en valores espec\u00edficos que permitan el mejor desempe\u00f1o para turbinas de vapor y gas combustibles, compresores, motores alternativos, etc.<\/span><\/p>\n<p><span style=\"font-weight: 400;\">La ingenier\u00eda de controval se aplica para adaptarse a los requisitos especiales del cliente para el control del aceite lubricante.<\/span><\/p>\n<p><span style=\"font-weight: 400;\">Los skids de aceite lubricante se dise\u00f1an y fabrican seg\u00fan la necesidad de los clientes para suministrar lubricantes a compresores, turbinas de gas, motores, etc., de forma manual o autom\u00e1tica. Estos skids aseguran que el lubricante est\u00e9 a la temperatura, presi\u00f3n y viscosidad correctas y que este libres de contaminantes que puedan afectar el correcto funcionamiento.<\/span><\/p>\n\n\t\t<\/div>\n\t<\/div>\n\n\t<div  class=\"wpb_single_image wpb_content_element vc_align_left  vc_custom_1655959923537\">\n\t\t\n\t\t<figure class=\"wpb_wrapper vc_figure\">\n\t\t\t<div class=\"vc_single_image-wrapper   vc_box_border_grey\"><img fetchpriority=\"high\" decoding=\"async\" width=\"640\" height=\"427\" src=\"https:\/\/controval.com\/wp-content\/uploads\/2022\/06\/lubeoil-skid-20151027-2.jpg\" class=\"vc_single_image-img attachment-full\" alt=\"\" title=\"lubeoil-skid-20151027-2\" srcset=\"https:\/\/controval.com\/wp-content\/uploads\/2022\/06\/lubeoil-skid-20151027-2.jpg 640w, https:\/\/controval.com\/wp-content\/uploads\/2022\/06\/lubeoil-skid-20151027-2-300x200.jpg 300w\" sizes=\"(max-width: 640px) 100vw, 640px\" \/><\/div>\n\t\t<\/figure>\n\t<\/div>\n<\/div><\/div><\/div><\/div><\/div><\/section><section class=\"wpb_row vc_row-fluid bg-primary call-to-action vc_custom_1542184444490\"><div class=\"container\"><div class=\"vc_row\"><div class=\"wpb_column vc_column_container vc_col-sm-12 vc_col-md-8\"><div class=\"vc_column-inner\"><div class=\"wpb_wrapper\"><h3 style=\"color: #ffffff;text-align: left\" class=\"vc_custom_heading vc_custom_1658775182026\" >PERMITANOS SER SU ALIADO EN SOLUCIONES PAQUETIZADAS TIPO SKID<\/h3><\/div><\/div><\/div><div class=\"wpb_column vc_column_container vc_col-sm-12 vc_col-md-4\"><div class=\"vc_column-inner\"><div class=\"wpb_wrapper\">\n    <div class=\"text-right\">\n        <a class=\"btn btn-medium btn-light\" href=\"https:\/\/controval.com\/es\/skids\/\" style=\"\">Saber m\u00e1s<\/a>\n    <\/div>\n\n    <\/div><\/div><\/div><\/div><\/div><\/section>","protected":false},"excerpt":{"rendered":"LACT Units Chemical Injection Skid Fuel Gas Conditioning Skid Pig Traps Launcher &#038; Receiver Surge Relief Skid Lube-Oil Skid Test Separators Sampling Skid Hydraulic Power Units (HPU) Boiler Regulation Package Water Treatment Skid Lube-Oil Skid Lube oil skid is designed under strict standards to keep lube oil physical conditions like humidity, viscosity, pressure, temperature, and [...]","protected":false},"author":1,"featured_media":0,"parent":343,"menu_order":0,"comment_status":"closed","ping_status":"closed","template":"","meta":{"footnotes":""},"class_list":["post-1260","page","type-page","status-publish","hentry"],"_links":{"self":[{"href":"https:\/\/controval.com\/es\/wp-json\/wp\/v2\/pages\/1260","targetHints":{"allow":["GET"]}}],"collection":[{"href":"https:\/\/controval.com\/es\/wp-json\/wp\/v2\/pages"}],"about":[{"href":"https:\/\/controval.com\/es\/wp-json\/wp\/v2\/types\/page"}],"author":[{"embeddable":true,"href":"https:\/\/controval.com\/es\/wp-json\/wp\/v2\/users\/1"}],"replies":[{"embeddable":true,"href":"https:\/\/controval.com\/es\/wp-json\/wp\/v2\/comments?post=1260"}],"version-history":[{"count":4,"href":"https:\/\/controval.com\/es\/wp-json\/wp\/v2\/pages\/1260\/revisions"}],"predecessor-version":[{"id":2083,"href":"https:\/\/controval.com\/es\/wp-json\/wp\/v2\/pages\/1260\/revisions\/2083"}],"up":[{"embeddable":true,"href":"https:\/\/controval.com\/es\/wp-json\/wp\/v2\/pages\/343"}],"wp:attachment":[{"href":"https:\/\/controval.com\/es\/wp-json\/wp\/v2\/media?parent=1260"}],"curies":[{"name":"wp","href":"https:\/\/api.w.org\/{rel}","templated":true}]}}