{"id":1259,"date":"2022-06-23T04:09:37","date_gmt":"2022-06-23T04:09:37","guid":{"rendered":"https:\/\/controval.solucionespm.net\/?page_id=1259"},"modified":"2022-08-04T13:14:03","modified_gmt":"2022-08-04T13:14:03","slug":"sampling-skid","status":"publish","type":"page","link":"https:\/\/controval.com\/es\/skids\/sampling-skid\/","title":{"rendered":"Skid de Calidad"},"content":{"rendered":"<section class=\"wpb_row vc_row-fluid vc_custom_1542188489306\"><div class=\"container\"><div class=\"vc_row\"><div class=\"lg-right40 wpb_column vc_column_container vc_col-sm-12 vc_col-md-4\"><div class=\"vc_column-inner\"><div class=\"wpb_wrapper\"><div  class=\"vc_wp_custommenu wpb_content_element\"><div class=\"widget widget_nav_menu\"><div class=\"menu-skids-container\"><ul id=\"menu-skids\" class=\"menu\"><li id=\"menu-item-1296\" class=\"menu-item menu-item-type-post_type menu-item-object-page menu-item-1296\"><a href=\"https:\/\/controval.com\/es\/skids\/lact-units\/\">Unidades LACT<\/a><\/li>\n<li id=\"menu-item-1293\" class=\"menu-item menu-item-type-post_type menu-item-object-page menu-item-1293\"><a href=\"https:\/\/controval.com\/es\/skids\/chemical-injection-skid\/\">Skid de Inyecci\u00f3n de Qu\u00edmicos<\/a><\/li>\n<li id=\"menu-item-1294\" class=\"menu-item menu-item-type-post_type menu-item-object-page menu-item-1294\"><a href=\"https:\/\/controval.com\/es\/skids\/fuel-gas-conditioning-skid\/\">Paquetes de Acondicionamiento de Gas Combustible<\/a><\/li>\n<li id=\"menu-item-1298\" class=\"menu-item menu-item-type-post_type menu-item-object-page menu-item-1298\"><a href=\"https:\/\/controval.com\/es\/skids\/pig-traps-launcher-receiver\/\">Trampas de Env\u00edo y Recibo<\/a><\/li>\n<li id=\"menu-item-1300\" class=\"menu-item menu-item-type-post_type menu-item-object-page menu-item-1300\"><a href=\"https:\/\/controval.com\/es\/skids\/surge-relief-skid\/\">Skid de Golpe de Ariete<\/a><\/li>\n<li id=\"menu-item-1297\" class=\"menu-item menu-item-type-post_type menu-item-object-page menu-item-1297\"><a href=\"https:\/\/controval.com\/es\/skids\/lube-oil-skid\/\">Skid de aceite lubricante<\/a><\/li>\n<li id=\"menu-item-1301\" class=\"menu-item menu-item-type-post_type menu-item-object-page menu-item-1301\"><a href=\"https:\/\/controval.com\/es\/skids\/test-separators\/\">Separadores de Prueba<\/a><\/li>\n<li id=\"menu-item-1299\" class=\"menu-item menu-item-type-post_type menu-item-object-page menu-item-1299\"><a href=\"https:\/\/controval.com\/es\/skids\/sampling-skid\/\">Skid de Calidad<\/a><\/li>\n<li id=\"menu-item-1295\" class=\"menu-item menu-item-type-post_type menu-item-object-page menu-item-1295\"><a href=\"https:\/\/controval.com\/es\/skids\/hydraulic-power-units-hpu\/\">Unidades de potencia hidr\u00e1ulica (HPU)<\/a><\/li>\n<li id=\"menu-item-1292\" class=\"menu-item menu-item-type-post_type menu-item-object-page menu-item-1292\"><a href=\"https:\/\/controval.com\/es\/skids\/boiler-regulation-package\/\">Skid de Regulaci\u00f3n de Gas Combustible para Calderas<\/a><\/li>\n<li id=\"menu-item-1302\" class=\"menu-item menu-item-type-post_type menu-item-object-page menu-item-1302\"><a href=\"https:\/\/controval.com\/es\/skids\/water-treatment-skid\/\">Skid de tratamiento de agua<\/a><\/li>\n<\/ul><\/div><\/div><\/div><\/div><\/div><\/div><div class=\"wpb_column vc_column_container vc_col-sm-12 vc_col-md-8\"><div class=\"vc_column-inner\"><div class=\"wpb_wrapper\"><h2 style=\"text-align: left\" class=\"vc_custom_heading vc_custom_1655960152403\" >Skid de Calidad<\/h2>\n\t<div class=\"wpb_text_column wpb_content_element\" >\n\t\t<div class=\"wpb_wrapper\">\n\t\t\t<p><span style=\"font-weight: 400;\">Un skid de calidad es una unidad dise\u00f1ada para las condiciones particulares de cada proceso, consta de un conjunto de elementos que permiten llevar una muestra desde una corriente hasta un punto dado a condiciones especiales de presi\u00f3n y temperatura. La toma de muestras se puede dise\u00f1ar de forma manual o autom\u00e1tica dependiendo siempre de la filosof\u00eda de funcionamiento y las condiciones a las que se requiera hacer el an\u00e1lisis del punto de muestra extra\u00eddo o trasladarlo al laboratorio.<\/span><\/p>\n<p><span style=\"font-weight: 400;\">El skid de calidad est\u00e1 dise\u00f1ado para un proceso espec\u00edfico. A veces se requiere acondicionar el fluido para la muestra; controlar la temperatura mediante un intercambiador de calor y controlar la presi\u00f3n con una v\u00e1lvula reguladora. Despu\u00e9s de que el fluido est\u00e9 acondicionado para trabajar con los dispositivos de monitoreo, se debe drenar el fluido aunque se recicle o se descargue. El sensor de temperatura y presi\u00f3n, las v\u00e1lvulas de seguridad son instrumentos que se utilizan con frecuencia para el control y la protecci\u00f3n.<\/span><\/p>\n\n\t\t<\/div>\n\t<\/div>\n\n\t<div  class=\"wpb_single_image wpb_content_element vc_align_left  vc_custom_1655960222381\">\n\t\t\n\t\t<figure class=\"wpb_wrapper vc_figure\">\n\t\t\t<div class=\"vc_single_image-wrapper   vc_box_border_grey\"><img fetchpriority=\"high\" decoding=\"async\" width=\"640\" height=\"480\" src=\"https:\/\/controval.com\/wp-content\/uploads\/2022\/06\/sampling-skid.jpg\" class=\"vc_single_image-img attachment-full\" alt=\"\" title=\"sampling-skid\" srcset=\"https:\/\/controval.com\/wp-content\/uploads\/2022\/06\/sampling-skid.jpg 640w, https:\/\/controval.com\/wp-content\/uploads\/2022\/06\/sampling-skid-300x225.jpg 300w\" sizes=\"(max-width: 640px) 100vw, 640px\" \/><\/div>\n\t\t<\/figure>\n\t<\/div>\n<\/div><\/div><\/div><\/div><\/div><\/section><section class=\"wpb_row vc_row-fluid bg-primary call-to-action vc_custom_1542184444490\"><div class=\"container\"><div class=\"vc_row\"><div class=\"wpb_column vc_column_container vc_col-sm-12 vc_col-md-8\"><div class=\"vc_column-inner\"><div class=\"wpb_wrapper\"><h3 style=\"color: #ffffff;text-align: left\" class=\"vc_custom_heading vc_custom_1658775195336\" >PERMITANOS SER SU ALIADO EN SOLUCIONES PAQUETIZADAS TIPO SKID<\/h3><\/div><\/div><\/div><div class=\"wpb_column vc_column_container vc_col-sm-12 vc_col-md-4\"><div class=\"vc_column-inner\"><div class=\"wpb_wrapper\">\n    <div class=\"text-right\">\n        <a class=\"btn btn-medium btn-light\" href=\"https:\/\/controval.com\/es\/skids\/\" style=\"\">Saber m\u00e1s<\/a>\n    <\/div>\n\n    <\/div><\/div><\/div><\/div><\/div><\/section>","protected":false},"excerpt":{"rendered":"LACT Units Chemical Injection Skid Fuel Gas Conditioning Skid Pig Traps Launcher &#038; Receiver Surge Relief Skid Lube-Oil Skid Test Separators Sampling Skid Hydraulic Power Units (HPU) Boiler Regulation Package Water Treatment Skid Sampling Skid A sampling system is a unit designed for particular conditions of each process, it consists of a set of elements [...]","protected":false},"author":1,"featured_media":0,"parent":343,"menu_order":0,"comment_status":"closed","ping_status":"closed","template":"","meta":{"footnotes":""},"class_list":["post-1259","page","type-page","status-publish","hentry"],"_links":{"self":[{"href":"https:\/\/controval.com\/es\/wp-json\/wp\/v2\/pages\/1259","targetHints":{"allow":["GET"]}}],"collection":[{"href":"https:\/\/controval.com\/es\/wp-json\/wp\/v2\/pages"}],"about":[{"href":"https:\/\/controval.com\/es\/wp-json\/wp\/v2\/types\/page"}],"author":[{"embeddable":true,"href":"https:\/\/controval.com\/es\/wp-json\/wp\/v2\/users\/1"}],"replies":[{"embeddable":true,"href":"https:\/\/controval.com\/es\/wp-json\/wp\/v2\/comments?post=1259"}],"version-history":[{"count":4,"href":"https:\/\/controval.com\/es\/wp-json\/wp\/v2\/pages\/1259\/revisions"}],"predecessor-version":[{"id":2085,"href":"https:\/\/controval.com\/es\/wp-json\/wp\/v2\/pages\/1259\/revisions\/2085"}],"up":[{"embeddable":true,"href":"https:\/\/controval.com\/es\/wp-json\/wp\/v2\/pages\/343"}],"wp:attachment":[{"href":"https:\/\/controval.com\/es\/wp-json\/wp\/v2\/media?parent=1259"}],"curies":[{"name":"wp","href":"https:\/\/api.w.org\/{rel}","templated":true}]}}