{"id":1257,"date":"2022-06-23T04:09:07","date_gmt":"2022-06-23T04:09:07","guid":{"rendered":"https:\/\/controval.solucionespm.net\/?page_id=1257"},"modified":"2022-08-04T13:12:20","modified_gmt":"2022-08-04T13:12:20","slug":"surge-relief-skid","status":"publish","type":"page","link":"https:\/\/controval.com\/es\/skids\/surge-relief-skid\/","title":{"rendered":"Skid de Golpe de Ariete"},"content":{"rendered":"<section class=\"wpb_row vc_row-fluid vc_custom_1542188489306\"><div class=\"container\"><div class=\"vc_row\"><div class=\"lg-right40 wpb_column vc_column_container vc_col-sm-12 vc_col-md-4\"><div class=\"vc_column-inner\"><div class=\"wpb_wrapper\"><div  class=\"vc_wp_custommenu wpb_content_element\"><div class=\"widget widget_nav_menu\"><div class=\"menu-skids-container\"><ul id=\"menu-skids\" class=\"menu\"><li id=\"menu-item-1296\" class=\"menu-item menu-item-type-post_type menu-item-object-page menu-item-1296\"><a href=\"https:\/\/controval.com\/es\/skids\/lact-units\/\">Unidades LACT<\/a><\/li>\n<li id=\"menu-item-1293\" class=\"menu-item menu-item-type-post_type menu-item-object-page menu-item-1293\"><a href=\"https:\/\/controval.com\/es\/skids\/chemical-injection-skid\/\">Skid de Inyecci\u00f3n de Qu\u00edmicos<\/a><\/li>\n<li id=\"menu-item-1294\" class=\"menu-item menu-item-type-post_type menu-item-object-page menu-item-1294\"><a href=\"https:\/\/controval.com\/es\/skids\/fuel-gas-conditioning-skid\/\">Paquetes de Acondicionamiento de Gas Combustible<\/a><\/li>\n<li id=\"menu-item-1298\" class=\"menu-item menu-item-type-post_type menu-item-object-page menu-item-1298\"><a href=\"https:\/\/controval.com\/es\/skids\/pig-traps-launcher-receiver\/\">Trampas de Env\u00edo y Recibo<\/a><\/li>\n<li id=\"menu-item-1300\" class=\"menu-item menu-item-type-post_type menu-item-object-page menu-item-1300\"><a href=\"https:\/\/controval.com\/es\/skids\/surge-relief-skid\/\">Skid de Golpe de Ariete<\/a><\/li>\n<li id=\"menu-item-1297\" class=\"menu-item menu-item-type-post_type menu-item-object-page menu-item-1297\"><a href=\"https:\/\/controval.com\/es\/skids\/lube-oil-skid\/\">Skid de aceite lubricante<\/a><\/li>\n<li id=\"menu-item-1301\" class=\"menu-item menu-item-type-post_type menu-item-object-page menu-item-1301\"><a href=\"https:\/\/controval.com\/es\/skids\/test-separators\/\">Separadores de Prueba<\/a><\/li>\n<li id=\"menu-item-1299\" class=\"menu-item menu-item-type-post_type menu-item-object-page menu-item-1299\"><a href=\"https:\/\/controval.com\/es\/skids\/sampling-skid\/\">Skid de Calidad<\/a><\/li>\n<li id=\"menu-item-1295\" class=\"menu-item menu-item-type-post_type menu-item-object-page menu-item-1295\"><a href=\"https:\/\/controval.com\/es\/skids\/hydraulic-power-units-hpu\/\">Unidades de potencia hidr\u00e1ulica (HPU)<\/a><\/li>\n<li id=\"menu-item-1292\" class=\"menu-item menu-item-type-post_type menu-item-object-page menu-item-1292\"><a href=\"https:\/\/controval.com\/es\/skids\/boiler-regulation-package\/\">Skid de Regulaci\u00f3n de Gas Combustible para Calderas<\/a><\/li>\n<li id=\"menu-item-1302\" class=\"menu-item menu-item-type-post_type menu-item-object-page menu-item-1302\"><a href=\"https:\/\/controval.com\/es\/skids\/water-treatment-skid\/\">Skid de tratamiento de agua<\/a><\/li>\n<\/ul><\/div><\/div><\/div><\/div><\/div><\/div><div class=\"wpb_column vc_column_container vc_col-sm-12 vc_col-md-8\"><div class=\"vc_column-inner\"><div class=\"wpb_wrapper\"><h2 style=\"text-align: left\" class=\"vc_custom_heading vc_custom_1655959731369\" >Skid de Golpe de Ariete<\/h2>\n\t<div class=\"wpb_text_column wpb_content_element\" >\n\t\t<div class=\"wpb_wrapper\">\n\t\t\t<p><span style=\"font-weight: 400;\">Un paquete o soluci\u00f3n tipo skid de protecci\u00f3n de golpe de ariete es una unidad dise\u00f1ada y fabricada a la medida seg\u00fan las condiciones del proceso y requisitos del cliente, la cual est\u00e1 compuesta por una serie de equipos, instrumentos y v\u00e1lvulas que permiten la protecci\u00f3n de tuber\u00edas, recipientes y\/o equipos del fen\u00f3meno conocido como \u201cpulso de Zhukowski\u201d o \u201cGolpe de Ariete\u201d, que es un fen\u00f3meno hidr\u00e1ulico transitorio producido por variaciones de velocidad en el fluido transportado y es el principal responsable de da\u00f1os en instalaciones hidr\u00e1ulicas.<\/span><\/p>\n<p><span style=\"font-weight: 400;\">Surge Relief Skids are designed to protect pipeline, pumps, vessels & valves for water hammer or fluid hammer condition; this is a dangerous problem that has to be eliminated. Controval Surge Relief Skids or water hammer skids are the recommended solution for this problem.<\/span><\/p>\n\n\t\t<\/div>\n\t<\/div>\n\n\t<div  class=\"wpb_single_image wpb_content_element vc_align_left  vc_custom_1655959786946\">\n\t\t\n\t\t<figure class=\"wpb_wrapper vc_figure\">\n\t\t\t<div class=\"vc_single_image-wrapper   vc_box_border_grey\"><img fetchpriority=\"high\" decoding=\"async\" width=\"400\" height=\"270\" src=\"https:\/\/controval.com\/wp-content\/uploads\/2022\/06\/skids-surge.jpg\" class=\"vc_single_image-img attachment-full\" alt=\"\" title=\"skids-surge\" srcset=\"https:\/\/controval.com\/wp-content\/uploads\/2022\/06\/skids-surge.jpg 400w, https:\/\/controval.com\/wp-content\/uploads\/2022\/06\/skids-surge-300x203.jpg 300w\" sizes=\"(max-width: 400px) 100vw, 400px\" \/><\/div>\n\t\t<\/figure>\n\t<\/div>\n<\/div><\/div><\/div><\/div><\/div><\/section><section class=\"wpb_row vc_row-fluid bg-primary call-to-action vc_custom_1542184444490\"><div class=\"container\"><div class=\"vc_row\"><div class=\"wpb_column vc_column_container vc_col-sm-12 vc_col-md-8\"><div class=\"vc_column-inner\"><div class=\"wpb_wrapper\"><h3 style=\"color: #ffffff;text-align: left\" class=\"vc_custom_heading vc_custom_1658775170619\" >PERMITANOS SER SU ALIADO EN SOLUCIONES PAQUETIZADAS TIPO SKID<\/h3><\/div><\/div><\/div><div class=\"wpb_column vc_column_container vc_col-sm-12 vc_col-md-4\"><div class=\"vc_column-inner\"><div class=\"wpb_wrapper\">\n    <div class=\"text-right\">\n        <a class=\"btn btn-medium btn-light\" href=\"https:\/\/controval.com\/es\/skids\/\" style=\"\">Saber m\u00e1s<\/a>\n    <\/div>\n\n    <\/div><\/div><\/div><\/div><\/div><\/section>","protected":false},"excerpt":{"rendered":"LACT Units Chemical Injection Skid Fuel Gas Conditioning Skid Pig Traps Launcher &#038; Receiver Surge Relief Skid Lube-Oil Skid Test Separators Sampling Skid Hydraulic Power Units (HPU) Boiler Regulation Package Water Treatment Skid Surge Relief Skid A package of surge relief protection is designed and manufactured as per the process requirements. The unit which is [...]","protected":false},"author":1,"featured_media":0,"parent":343,"menu_order":0,"comment_status":"closed","ping_status":"closed","template":"","meta":{"footnotes":""},"class_list":["post-1257","page","type-page","status-publish","hentry"],"_links":{"self":[{"href":"https:\/\/controval.com\/es\/wp-json\/wp\/v2\/pages\/1257","targetHints":{"allow":["GET"]}}],"collection":[{"href":"https:\/\/controval.com\/es\/wp-json\/wp\/v2\/pages"}],"about":[{"href":"https:\/\/controval.com\/es\/wp-json\/wp\/v2\/types\/page"}],"author":[{"embeddable":true,"href":"https:\/\/controval.com\/es\/wp-json\/wp\/v2\/users\/1"}],"replies":[{"embeddable":true,"href":"https:\/\/controval.com\/es\/wp-json\/wp\/v2\/comments?post=1257"}],"version-history":[{"count":4,"href":"https:\/\/controval.com\/es\/wp-json\/wp\/v2\/pages\/1257\/revisions"}],"predecessor-version":[{"id":2082,"href":"https:\/\/controval.com\/es\/wp-json\/wp\/v2\/pages\/1257\/revisions\/2082"}],"up":[{"embeddable":true,"href":"https:\/\/controval.com\/es\/wp-json\/wp\/v2\/pages\/343"}],"wp:attachment":[{"href":"https:\/\/controval.com\/es\/wp-json\/wp\/v2\/media?parent=1257"}],"curies":[{"name":"wp","href":"https:\/\/api.w.org\/{rel}","templated":true}]}}